{"id":247,"date":"2022-03-29T09:41:23","date_gmt":"2022-03-29T09:41:23","guid":{"rendered":"https:\/\/shop.skytraders.community\/de\/?page_id=247"},"modified":"2023-02-24T14:25:28","modified_gmt":"2023-02-24T14:25:28","slug":"zahlungsinformationen","status":"publish","type":"page","link":"https:\/\/shop.skytraders.community\/de\/zahlungsinformationen\/","title":{"rendered":"Zahlungsinformationen"},"content":{"rendered":"<p>[et_pb_section fb_built=&#8221;1&#8243; _builder_version=&#8221;4.16&#8243; _module_preset=&#8221;default&#8221; custom_padding=&#8221;61px||61px||true|&#8221; global_colors_info=&#8221;{}&#8221;][et_pb_row _builder_version=&#8221;4.16&#8243; _module_preset=&#8221;default&#8221; custom_padding=&#8221;3px||1px|||&#8221; global_colors_info=&#8221;{}&#8221;][et_pb_column type=&#8221;4_4&#8243; _builder_version=&#8221;4.16&#8243; _module_preset=&#8221;default&#8221; global_colors_info=&#8221;{}&#8221;][et_pb_text _builder_version=&#8221;4.16&#8243; text_font=&#8221;Open Sans||||||||&#8221; text_text_color=&#8221;gcid-1b3e5097-22f7-4397-9711-f7d22b6045e1&#8243; text_font_size=&#8221;16px&#8221; text_line_height=&#8221;1.8em&#8221; header_font=&#8221;Montserrat|900||on|||||&#8221; header_text_color=&#8221;#2D3A57&#8243; header_font_size=&#8221;61px&#8221; header_letter_spacing=&#8221;0.05em&#8221; header_line_height=&#8221;1.2em&#8221; header_2_font=&#8221;Montserrat|600||on|||||&#8221; header_2_text_color=&#8221;#666666&#8243; header_2_font_size=&#8221;20px&#8221; header_2_letter_spacing=&#8221;6px&#8221; header_2_line_height=&#8221;1.4em&#8221; header_3_font=&#8221;Montserrat|900||on|||||&#8221; header_3_text_color=&#8221;#2D3A57&#8243; header_3_font_size=&#8221;61px&#8221; header_3_letter_spacing=&#8221;0.05em&#8221; header_3_line_height=&#8221;1.2em&#8221; header_4_font=&#8221;Montserrat|900||on|||||&#8221; header_4_text_color=&#8221;#2D3A57&#8243; header_4_font_size=&#8221;40px&#8221; header_4_letter_spacing=&#8221;0.05em&#8221; header_4_line_height=&#8221;1.2em&#8221; header_5_font=&#8221;Montserrat|900||on|||||&#8221; header_5_text_color=&#8221;#2D3A57&#8243; header_5_font_size=&#8221;61px&#8221; header_5_letter_spacing=&#8221;0.05em&#8221; header_5_line_height=&#8221;1.2em&#8221; header_6_font=&#8221;Montserrat|900||on|||||&#8221; header_6_text_color=&#8221;#2D3A57&#8243; header_6_font_size=&#8221;61px&#8221; header_6_letter_spacing=&#8221;0.05em&#8221; header_6_line_height=&#8221;1.2em&#8221; background_color=&#8221;#FFFFFF&#8221; position_origin_a=&#8221;center_left&#8221; z_index=&#8221;1&#8243; width=&#8221;100%&#8221; width_tablet=&#8221;100%&#8221; width_phone=&#8221;&#8221; width_last_edited=&#8221;on|tablet&#8221; custom_margin=&#8221;|-40%|||false|false&#8221; header_font_size_tablet=&#8221;&#8221; header_font_size_phone=&#8221;30px&#8221; header_font_size_last_edited=&#8221;on|desktop&#8221; header_2_font_size_tablet=&#8221;16px&#8221; header_2_font_size_phone=&#8221;14px&#8221; header_2_font_size_last_edited=&#8221;on|desktop&#8221; header_3_font_size_tablet=&#8221;&#8221; header_3_font_size_phone=&#8221;30px&#8221; header_3_font_size_last_edited=&#8221;on|desktop&#8221; header_4_font_size_tablet=&#8221;&#8221; header_4_font_size_phone=&#8221;30px&#8221; header_4_font_size_last_edited=&#8221;on|desktop&#8221; header_5_font_size_tablet=&#8221;&#8221; header_5_font_size_phone=&#8221;30px&#8221; header_5_font_size_last_edited=&#8221;on|desktop&#8221; header_6_font_size_tablet=&#8221;&#8221; header_6_font_size_phone=&#8221;30px&#8221; header_6_font_size_last_edited=&#8221;on|desktop&#8221; global_colors_info=&#8221;{%22gcid-1b3e5097-22f7-4397-9711-f7d22b6045e1%22:%91%22text_text_color%22%93}&#8221;]<\/p>\n<h4 style=\"text-align: justify;\">Zahlungsinformationen<\/h4>\n<p style=\"font-weight: 400; text-align: justify;\"><span>Wir bieten Ihnen folgende Zahlungsarten an. Suchen Sie sich einfach die f\u00fcr Sie optimale Zahlart aus. Die in den jeweiligen Angeboten angef\u00fchrten Preise stellen Endpreise dar. Sie beinhalten alle Preisbestandteile einschlie\u00dflich etwaig anfallender Steuern wie Mehrwertsteuer. Nur bei grenz\u00fcberschreitender Lieferung k\u00f6nnen im Einzelfall weitere Steuern (z.B. im Falle eines innergemeinschaftlichen Erwerbs) und\/oder Abgaben (z.B. Z\u00f6lle) von Ihnen zu zahlen sein, jedoch nicht an den Verk\u00e4ufer, sondern an die dort zust\u00e4ndigen Zoll- bzw. Steuerbeh\u00f6rden. Die anfallenden Liefer- und Versandkosten sind nicht im Kaufpreis enthalten, sie sind \u00fcber die Seite <a href=\"https:\/\/shop.skytraders.community\/de\/lieferung-und-versandkosten\/\">Lieferung &amp; Versandkosten<\/a>\u00a0aufrufbar, werden im Laufe des Bestellvorganges gesondert ausgewiesen und sind von Ihnen zus\u00e4tzlich zu tragen.<\/span><\/p>\n<p style=\"font-weight: 400;\"><strong>Kreditkarte: <\/strong><span>Zahlen Sie ganz einfach per Kreditkarte.<\/span><\/p>\n<p style=\"font-weight: 400;\"><span><strong>Bank\u00fcberweisung:<\/strong>\u00a0<\/span><span>Bitte \u00fcberweisen Sie den Gesamtbetrag Ihrer Bestellung auf unser Konto.<br \/>SKYTAT GmbH<br \/>AT03\u00a02081\u00a05000\u00a04466\u00a07418<br \/>STSPAT2GXXX<\/span><\/p>\n<p style=\"text-align: justify;\">Sobald der Betrag f\u00fcr die bestellte Ware bei uns eingegangen ist, versenden wir die Ware und informieren dich per Email \u00fcber die Versendung.<\/p>\n<p style=\"text-align: justify;\">\n<p style=\"text-align: justify;\"><b>Eigentumsvorbehalt:<\/b> Die Ware bleibt bis zur vollst\u00e4ndigen Bezahlung unser Eigentum.<\/p>\n<p>[\/et_pb_text][\/et_pb_column][\/et_pb_row][\/et_pb_section]<\/p>\n","protected":false},"excerpt":{"rendered":"<p>Zahlungsinformationen Wir bieten Ihnen folgende Zahlungsarten an. Suchen Sie sich einfach die f\u00fcr Sie optimale Zahlart aus. Die in den jeweiligen Angeboten angef\u00fchrten Preise stellen Endpreise dar. Sie beinhalten alle Preisbestandteile einschlie\u00dflich etwaig anfallender Steuern wie Mehrwertsteuer. Nur bei grenz\u00fcberschreitender Lieferung k\u00f6nnen im Einzelfall weitere Steuern (z.B. im Falle eines innergemeinschaftlichen Erwerbs) und\/oder Abgaben (z.B. [&hellip;]<\/p>\n","protected":false},"author":1,"featured_media":0,"parent":0,"menu_order":0,"comment_status":"closed","ping_status":"closed","template":"","meta":{"_et_pb_use_builder":"on","_et_pb_old_content":"","_et_gb_content_width":"","footnotes":""},"class_list":["post-247","page","type-page","status-publish","hentry"],"_links":{"self":[{"href":"https:\/\/shop.skytraders.community\/de\/wp-json\/wp\/v2\/pages\/247","targetHints":{"allow":["GET"]}}],"collection":[{"href":"https:\/\/shop.skytraders.community\/de\/wp-json\/wp\/v2\/pages"}],"about":[{"href":"https:\/\/shop.skytraders.community\/de\/wp-json\/wp\/v2\/types\/page"}],"author":[{"embeddable":true,"href":"https:\/\/shop.skytraders.community\/de\/wp-json\/wp\/v2\/users\/1"}],"replies":[{"embeddable":true,"href":"https:\/\/shop.skytraders.community\/de\/wp-json\/wp\/v2\/comments?post=247"}],"version-history":[{"count":9,"href":"https:\/\/shop.skytraders.community\/de\/wp-json\/wp\/v2\/pages\/247\/revisions"}],"predecessor-version":[{"id":462,"href":"https:\/\/shop.skytraders.community\/de\/wp-json\/wp\/v2\/pages\/247\/revisions\/462"}],"wp:attachment":[{"href":"https:\/\/shop.skytraders.community\/de\/wp-json\/wp\/v2\/media?parent=247"}],"curies":[{"name":"wp","href":"https:\/\/api.w.org\/{rel}","templated":true}]}}