{"id":260,"date":"2022-03-29T10:04:50","date_gmt":"2022-03-29T10:04:50","guid":{"rendered":"https:\/\/shop.skytraders.community\/de\/?page_id=260"},"modified":"2024-08-26T09:16:23","modified_gmt":"2024-08-26T09:16:23","slug":"widerruf","status":"publish","type":"page","link":"https:\/\/shop.skytraders.community\/de\/widerruf\/","title":{"rendered":"Widerruf"},"content":{"rendered":"<p>[et_pb_section fb_built=&#8221;1&#8243; _builder_version=&#8221;4.16&#8243; _module_preset=&#8221;default&#8221; custom_padding=&#8221;61px||61px||true|&#8221; global_colors_info=&#8221;{}&#8221;][et_pb_row _builder_version=&#8221;4.16&#8243; _module_preset=&#8221;default&#8221; custom_padding=&#8221;3px||1px|||&#8221; global_colors_info=&#8221;{}&#8221;][et_pb_column type=&#8221;4_4&#8243; _builder_version=&#8221;4.16&#8243; _module_preset=&#8221;default&#8221; global_colors_info=&#8221;{}&#8221;][et_pb_text _builder_version=&#8221;4.16&#8243; text_font=&#8221;Open Sans||||||||&#8221; text_text_color=&#8221;gcid-1b3e5097-22f7-4397-9711-f7d22b6045e1&#8243; text_font_size=&#8221;16px&#8221; text_line_height=&#8221;1.8em&#8221; header_font=&#8221;Montserrat|900||on|||||&#8221; header_text_color=&#8221;#2D3A57&#8243; header_font_size=&#8221;61px&#8221; header_letter_spacing=&#8221;0.05em&#8221; header_line_height=&#8221;1.2em&#8221; header_2_font=&#8221;Montserrat|600||on|||||&#8221; header_2_text_color=&#8221;#666666&#8243; header_2_font_size=&#8221;20px&#8221; header_2_letter_spacing=&#8221;6px&#8221; header_2_line_height=&#8221;1.4em&#8221; header_3_font=&#8221;Montserrat|900||on|||||&#8221; header_3_text_color=&#8221;#2D3A57&#8243; header_3_font_size=&#8221;61px&#8221; header_3_letter_spacing=&#8221;0.05em&#8221; header_3_line_height=&#8221;1.2em&#8221; header_4_font=&#8221;Montserrat|900||on|||||&#8221; header_4_text_color=&#8221;#2D3A57&#8243; header_4_font_size=&#8221;40px&#8221; header_4_letter_spacing=&#8221;0.05em&#8221; header_4_line_height=&#8221;1.2em&#8221; header_5_font=&#8221;Montserrat|900||on|||||&#8221; header_5_text_color=&#8221;#2D3A57&#8243; header_5_font_size=&#8221;61px&#8221; header_5_letter_spacing=&#8221;0.05em&#8221; header_5_line_height=&#8221;1.2em&#8221; header_6_font=&#8221;Montserrat|900||on|||||&#8221; header_6_text_color=&#8221;#2D3A57&#8243; header_6_font_size=&#8221;61px&#8221; header_6_letter_spacing=&#8221;0.05em&#8221; header_6_line_height=&#8221;1.2em&#8221; background_color=&#8221;#FFFFFF&#8221; position_origin_a=&#8221;center_left&#8221; z_index=&#8221;1&#8243; width=&#8221;100%&#8221; width_tablet=&#8221;100%&#8221; width_phone=&#8221;&#8221; width_last_edited=&#8221;on|tablet&#8221; custom_margin=&#8221;|-40%|||false|false&#8221; header_font_size_tablet=&#8221;&#8221; header_font_size_phone=&#8221;30px&#8221; header_font_size_last_edited=&#8221;on|desktop&#8221; header_2_font_size_tablet=&#8221;16px&#8221; header_2_font_size_phone=&#8221;14px&#8221; header_2_font_size_last_edited=&#8221;on|desktop&#8221; header_3_font_size_tablet=&#8221;&#8221; header_3_font_size_phone=&#8221;30px&#8221; header_3_font_size_last_edited=&#8221;on|desktop&#8221; header_4_font_size_tablet=&#8221;&#8221; header_4_font_size_phone=&#8221;30px&#8221; header_4_font_size_last_edited=&#8221;on|phone&#8221; header_5_font_size_tablet=&#8221;&#8221; header_5_font_size_phone=&#8221;30px&#8221; header_5_font_size_last_edited=&#8221;on|desktop&#8221; header_6_font_size_tablet=&#8221;&#8221; header_6_font_size_phone=&#8221;30px&#8221; header_6_font_size_last_edited=&#8221;on|desktop&#8221; global_colors_info=&#8221;{%22gcid-1b3e5097-22f7-4397-9711-f7d22b6045e1%22:%91%22text_text_color%22%93}&#8221;]<\/p>\n<h4 style=\"text-align: justify;\">Widerruf<\/h4>\n<p style=\"text-align: justify;\"><b>1. Widerrufsrecht:<\/b><br \/>Der K\u00e4ufer hat das Recht, wenn er Verbraucher ist, binnen vierzehn Tagen ohne Angabe von Gr\u00fcnden diesen Vertrag zu widerrufen. Die Widerrufsfrist betr\u00e4gt vierzehn Tage ab dem Tag, an dem Sie oder ein von Ihnen benannter Dritter, der nicht der Bef\u00f6rderer ist, die letzte Ware in Besitz genommen haben bzw. hat. Um das Widerrufsrecht auszu\u00fcben, muss der K\u00e4ufer dem Verk\u00e4ufer<\/p>\n<p style=\"text-align: justify;\"><strong>SKYTAT GmbH<\/strong><br \/><span>Mariahilfer Stra\u00dfe 36\/6<\/span><br \/><span>1070 Wien<\/span><br \/>Austria<br \/>Registration number: 555104f<br \/><a href=\"mailto:support@skytraders.community\">support@skytraders.community<\/a><\/p>\n<p style=\"text-align: justify;\">Mittels einer eindeutigen Erkl\u00e4rung (z.B. ein mit der Post versandter Brief oder E-Mail) \u00fcber seinen Entschluss, diesen Vertrag zu widerrufen informieren.<\/p>\n<p style=\"text-align: justify;\"><b>2. Folgen des Widerrufs:<\/b><br \/>Wenn der K\u00e4ufer diesen Vertrag widerruft, hat der Verk\u00e4ufer ihm alle Zahlungen, die er von ihm erhalten hat, einschlie\u00dflich der Lieferkosten (mit Ausnahme der zus\u00e4tzlichen Kosten, die sich daraus ergeben, dass der K\u00e4ufer eine andere Art der Lieferung als die vom Verk\u00e4ufer angebotene, g\u00fcnstigste Standardlieferung gew\u00e4hlt hat), unverz\u00fcglich und sp\u00e4testens binnen vierzehn Tagen ab dem Tag zur\u00fcckzuzahlen, an dem die Mitteilung \u00fcber den Widerruf dieses Vertrages durch den K\u00e4ufer beim Verk\u00e4ufer eingegangen ist. F\u00fcr diese R\u00fcckzahlung verwendet der Verk\u00e4ufer dasselbe Zahlungsmittel, das der K\u00e4ufer bei der urspr\u00fcnglichen Transaktion eingesetzt hat, es sei denn, mit dem K\u00e4ufer wurde ausdr\u00fccklich etwas anderes vereinbart; in keinem Fall werden dem K\u00e4ufer wegen dieser R\u00fcckzahlung Entgelte berechnet. Der Verk\u00e4ufer kann die R\u00fcckzahlung verweigern, bis er die Waren wieder zur\u00fcckerhalten hat oder bis der K\u00e4ufer den Nachweis erbracht hat, dass er die Waren zur\u00fcckgesandt hat, je nachdem, welches der fr\u00fchere Zeitpunkt ist. Der K\u00e4ufer hat die Waren unverz\u00fcglich und in jedem Fall sp\u00e4testens binnen vierzehn Tagen ab dem Tag, an dem er den Verk\u00e4ufer \u00fcber den Widerruf dieses Vertrages unterrichtet, an den Verk\u00e4ufer zur\u00fcckzusenden oder zu \u00fcbergeben. Die Frist ist gewahrt, wenn der K\u00e4ufer die Waren vor Ablauf der Frist von vierzehn Tagen absendet.<\/p>\n<p style=\"text-align: justify;\"><b>3. Ausnahmen vom Widerrufsrecht:<\/b><br \/>Das Widerrufsrecht besteht nicht bei folgenden Vertr\u00e4gen: Vertr\u00e4ge zur Lieferung von Waren, die nicht vorgefertigt sind und f\u00fcr deren Herstellung eine individuelle Auswahl oder Bestimmung durch den Verbraucher ma\u00dfgeblich ist oder die eindeutig auf die pers\u00f6nlichen Bed\u00fcrfnisse des Verbrauchers zugeschnitten sind, Vertr\u00e4ge zur Lieferung von Waren, wenn diese nach der Lieferung auf Grund ihrer Beschaffenheit untrennbar mit anderen G\u00fctern vermischt wurden, Vertr\u00e4ge zur Lieferung von Ton- oder Videoaufnahmen oder Computersoftware in einer versiegelten Packung, wenn die Versiegelung nach der Lieferung entfernt wurde.<\/p>\n<p>[\/et_pb_text][\/et_pb_column][\/et_pb_row][\/et_pb_section]<\/p>\n","protected":false},"excerpt":{"rendered":"<p>Widerruf 1. Widerrufsrecht:Der K\u00e4ufer hat das Recht, wenn er Verbraucher ist, binnen vierzehn Tagen ohne Angabe von Gr\u00fcnden diesen Vertrag zu widerrufen. Die Widerrufsfrist betr\u00e4gt vierzehn Tage ab dem Tag, an dem Sie oder ein von Ihnen benannter Dritter, der nicht der Bef\u00f6rderer ist, die letzte Ware in Besitz genommen haben bzw. hat. Um das [&hellip;]<\/p>\n","protected":false},"author":1,"featured_media":0,"parent":0,"menu_order":0,"comment_status":"closed","ping_status":"closed","template":"","meta":{"_et_pb_use_builder":"on","_et_pb_old_content":"","_et_gb_content_width":"","footnotes":""},"class_list":["post-260","page","type-page","status-publish","hentry"],"_links":{"self":[{"href":"https:\/\/shop.skytraders.community\/de\/wp-json\/wp\/v2\/pages\/260","targetHints":{"allow":["GET"]}}],"collection":[{"href":"https:\/\/shop.skytraders.community\/de\/wp-json\/wp\/v2\/pages"}],"about":[{"href":"https:\/\/shop.skytraders.community\/de\/wp-json\/wp\/v2\/types\/page"}],"author":[{"embeddable":true,"href":"https:\/\/shop.skytraders.community\/de\/wp-json\/wp\/v2\/users\/1"}],"replies":[{"embeddable":true,"href":"https:\/\/shop.skytraders.community\/de\/wp-json\/wp\/v2\/comments?post=260"}],"version-history":[{"count":10,"href":"https:\/\/shop.skytraders.community\/de\/wp-json\/wp\/v2\/pages\/260\/revisions"}],"predecessor-version":[{"id":592,"href":"https:\/\/shop.skytraders.community\/de\/wp-json\/wp\/v2\/pages\/260\/revisions\/592"}],"wp:attachment":[{"href":"https:\/\/shop.skytraders.community\/de\/wp-json\/wp\/v2\/media?parent=260"}],"curies":[{"name":"wp","href":"https:\/\/api.w.org\/{rel}","templated":true}]}}