{"id":358,"date":"2022-09-09T03:33:34","date_gmt":"2022-09-09T03:33:34","guid":{"rendered":"https:\/\/shop.skytraders.community\/de\/?page_id=358"},"modified":"2025-05-20T09:43:16","modified_gmt":"2025-05-20T09:43:16","slug":"imprint","status":"publish","type":"page","link":"https:\/\/shop.skytraders.community\/de\/imprint\/","title":{"rendered":"Imprint"},"content":{"rendered":"<p>[et_pb_section fb_built=&#8221;1&#8243; _builder_version=&#8221;4.16&#8243; _module_preset=&#8221;default&#8221; custom_padding=&#8221;61px||61px||true|&#8221; global_colors_info=&#8221;{}&#8221;][et_pb_row column_structure=&#8221;1_5,3_5,1_5&#8243; _builder_version=&#8221;4.16&#8243; _module_preset=&#8221;default&#8221; custom_padding=&#8221;3px||1px|||&#8221; global_colors_info=&#8221;{}&#8221;][et_pb_column type=&#8221;1_5&#8243; _builder_version=&#8221;4.16&#8243; _module_preset=&#8221;default&#8221; global_colors_info=&#8221;{}&#8221;][\/et_pb_column][et_pb_column type=&#8221;3_5&#8243; _builder_version=&#8221;4.16&#8243; _module_preset=&#8221;default&#8221; global_colors_info=&#8221;{}&#8221;][et_pb_text _builder_version=&#8221;4.18.0&#8243; text_font=&#8221;Open Sans||||||||&#8221; text_text_color=&#8221;gcid-1b3e5097-22f7-4397-9711-f7d22b6045e1&#8243; text_font_size=&#8221;16px&#8221; text_line_height=&#8221;1.8em&#8221; header_font=&#8221;Montserrat|900||on|||||&#8221; header_text_color=&#8221;#2D3A57&#8243; header_font_size=&#8221;61px&#8221; header_letter_spacing=&#8221;0.05em&#8221; header_line_height=&#8221;1.2em&#8221; header_2_font=&#8221;Montserrat|600||on|||||&#8221; header_2_text_color=&#8221;#666666&#8243; header_2_font_size=&#8221;20px&#8221; header_2_letter_spacing=&#8221;6px&#8221; header_2_line_height=&#8221;1.4em&#8221; header_3_font=&#8221;Montserrat|900||on|||||&#8221; header_3_text_color=&#8221;#2D3A57&#8243; header_3_font_size=&#8221;61px&#8221; header_3_letter_spacing=&#8221;0.05em&#8221; header_3_line_height=&#8221;1.2em&#8221; header_4_font=&#8221;Montserrat|900||on|||||&#8221; header_4_text_color=&#8221;#2D3A57&#8243; header_4_font_size=&#8221;40px&#8221; header_4_letter_spacing=&#8221;0.05em&#8221; header_4_line_height=&#8221;1.2em&#8221; header_5_font=&#8221;Montserrat|900||on|||||&#8221; header_5_text_color=&#8221;#2D3A57&#8243; header_5_font_size=&#8221;61px&#8221; header_5_letter_spacing=&#8221;0.05em&#8221; header_5_line_height=&#8221;1.2em&#8221; header_6_font=&#8221;Montserrat|900||on|||||&#8221; header_6_text_color=&#8221;#2D3A57&#8243; header_6_font_size=&#8221;61px&#8221; header_6_letter_spacing=&#8221;0.05em&#8221; header_6_line_height=&#8221;1.2em&#8221; background_color=&#8221;#FFFFFF&#8221; position_origin_a=&#8221;center_left&#8221; z_index=&#8221;1&#8243; width=&#8221;100%&#8221; width_tablet=&#8221;100%&#8221; width_phone=&#8221;&#8221; width_last_edited=&#8221;on|tablet&#8221; custom_margin=&#8221;|-40%|||false|false&#8221; header_font_size_tablet=&#8221;&#8221; header_font_size_phone=&#8221;30px&#8221; header_font_size_last_edited=&#8221;on|desktop&#8221; header_2_font_size_tablet=&#8221;16px&#8221; header_2_font_size_phone=&#8221;14px&#8221; header_2_font_size_last_edited=&#8221;on|desktop&#8221; header_3_font_size_tablet=&#8221;&#8221; header_3_font_size_phone=&#8221;30px&#8221; header_3_font_size_last_edited=&#8221;on|desktop&#8221; header_4_font_size_tablet=&#8221;&#8221; header_4_font_size_phone=&#8221;30px&#8221; header_4_font_size_last_edited=&#8221;on|desktop&#8221; header_5_font_size_tablet=&#8221;&#8221; header_5_font_size_phone=&#8221;30px&#8221; header_5_font_size_last_edited=&#8221;on|desktop&#8221; header_6_font_size_tablet=&#8221;&#8221; header_6_font_size_phone=&#8221;30px&#8221; header_6_font_size_last_edited=&#8221;on|desktop&#8221; global_colors_info=&#8221;{%22gcid-1b3e5097-22f7-4397-9711-f7d22b6045e1%22:%91%22text_text_color%22%93}&#8221;]<\/p>\n<h4><\/h4>\n<h4>IMpRESSUM<\/h4>\n<p><strong>SKYTAT GmbH<\/strong><br \/><span>Mariahilfer Stra\u00dfe 36\/6<\/span><br \/><span>1070 Wien<\/span><br \/>Austria<\/p>\n<p><b style=\"color: #000;\"> Handelsregisternummer: <\/b>555104f<br \/><b style=\"color: #000;\">UID-Nummer: <\/b><span>ATU76833214<\/span><br \/><span style=\"color: #000000;\"><strong>D-U-N-S number:<\/strong><\/span> 300810661 (Dun &amp; Bradstreet Unique Identifier)<br \/><span style=\"color: #000000;\"><strong>\u00d6NACE-Code:<\/strong><\/span> 92.99-0<br \/><span style=\"color: #000000;\"><strong>\u00d6NACE-Code:<\/strong><\/span> 47.91-0<br \/><b style=\"color: #000;\"> Gesch\u00e4ftsf\u00fchrer: <\/b>Thomas STRADNER<br \/><span style=\"color: #000000;\"><b>E-Mail: <\/b><\/span><a href=\"mailto:office@skytraders.community\">\u00a0office@skytraders.community\u00a0<\/a><br \/><span style=\"color: #000000;\"><b>Web:<\/b><\/span> <a href=\"https:\/\/shop.skytraders.community\">https:\/\/shop.skytraders.community<\/a><\/p>\n<p><strong>Rechtsform:<\/strong> Gesellschaft mit beschr\u00e4nkter Haftung (GmbH) nach \u00f6sterreichischem Recht<br \/><strong>Zust\u00e4ndiges Gericht:<\/strong> Handelsgericht Wien, Marxergasse 1a, 1030 Wien<\/p>\n<p>Bei etwaigen Beschwerden wenden Sie sich bitte direkt an uns unter folgender E-Mail-Adresse: <span><a href=\"mailto:support@skytraders.at\">support@skytraders.at<\/a><\/span><\/p>\n<p>Alternativ k\u00f6nnen Sie sich auch an folgende externe Stellen wenden:<br \/>&#8211; Schlichtung f\u00fcr Verbrauchergesch\u00e4fte: <a href=\"https:\/\/www.verbraucherschlichtung.at\/\">https:\/\/www.verbraucherschlichtung.at\/<\/a><br \/>&#8211; \u2060Internet Ombudsstelle: <a href=\"https:\/\/www.ombudsstelle.at\/\">https:\/\/www.ombudsstelle.at\/<\/a><br \/>&#8211; Online-Streitbeilegungsplattform der EU: <a href=\"https:\/\/ec.europa.eu\/odr\">https:\/\/ec.europa.eu\/odr<\/a><\/p>\n<p>[\/et_pb_text][\/et_pb_column][et_pb_column type=&#8221;1_5&#8243; _builder_version=&#8221;4.16&#8243; _module_preset=&#8221;default&#8221; global_colors_info=&#8221;{}&#8221;][\/et_pb_column][\/et_pb_row][\/et_pb_section]<\/p>\n","protected":false},"excerpt":{"rendered":"<p>IMpRESSUM SKYTAT GmbHMariahilfer Stra\u00dfe 36\/61070 WienAustria Handelsregisternummer: 555104fUID-Nummer: ATU76833214D-U-N-S number: 300810661 (Dun &amp; Bradstreet Unique Identifier)\u00d6NACE-Code: 92.99-0\u00d6NACE-Code: 47.91-0 Gesch\u00e4ftsf\u00fchrer: Thomas STRADNERE-Mail: \u00a0office@skytraders.community\u00a0Web: https:\/\/shop.skytraders.community Rechtsform: Gesellschaft mit beschr\u00e4nkter Haftung (GmbH) nach \u00f6sterreichischem RechtZust\u00e4ndiges Gericht: Handelsgericht Wien, Marxergasse 1a, 1030 Wien Bei etwaigen Beschwerden wenden Sie sich bitte direkt an uns unter folgender E-Mail-Adresse: support@skytraders.at Alternativ k\u00f6nnen [&hellip;]<\/p>\n","protected":false},"author":1,"featured_media":0,"parent":0,"menu_order":0,"comment_status":"closed","ping_status":"closed","template":"","meta":{"_et_pb_use_builder":"on","_et_pb_old_content":"","_et_gb_content_width":"","footnotes":""},"class_list":["post-358","page","type-page","status-publish","hentry"],"_links":{"self":[{"href":"https:\/\/shop.skytraders.community\/de\/wp-json\/wp\/v2\/pages\/358","targetHints":{"allow":["GET"]}}],"collection":[{"href":"https:\/\/shop.skytraders.community\/de\/wp-json\/wp\/v2\/pages"}],"about":[{"href":"https:\/\/shop.skytraders.community\/de\/wp-json\/wp\/v2\/types\/page"}],"author":[{"embeddable":true,"href":"https:\/\/shop.skytraders.community\/de\/wp-json\/wp\/v2\/users\/1"}],"replies":[{"embeddable":true,"href":"https:\/\/shop.skytraders.community\/de\/wp-json\/wp\/v2\/comments?post=358"}],"version-history":[{"count":12,"href":"https:\/\/shop.skytraders.community\/de\/wp-json\/wp\/v2\/pages\/358\/revisions"}],"predecessor-version":[{"id":756,"href":"https:\/\/shop.skytraders.community\/de\/wp-json\/wp\/v2\/pages\/358\/revisions\/756"}],"wp:attachment":[{"href":"https:\/\/shop.skytraders.community\/de\/wp-json\/wp\/v2\/media?parent=358"}],"curies":[{"name":"wp","href":"https:\/\/api.w.org\/{rel}","templated":true}]}}