{"id":377,"date":"2022-12-30T13:19:09","date_gmt":"2022-12-30T13:19:09","guid":{"rendered":"https:\/\/shop.skytraders.community\/de\/?page_id=377"},"modified":"2024-10-21T08:30:26","modified_gmt":"2024-10-21T08:30:26","slug":"terms-conditions","status":"publish","type":"page","link":"https:\/\/shop.skytraders.community\/de\/terms-conditions\/","title":{"rendered":"Terms &#038; Conditions"},"content":{"rendered":"<p>[et_pb_section fb_built=&#8221;1&#8243; _builder_version=&#8221;4.16&#8243; _module_preset=&#8221;default&#8221; custom_padding=&#8221;61px||61px||true|&#8221; global_colors_info=&#8221;{}&#8221;][et_pb_row _builder_version=&#8221;4.16&#8243; _module_preset=&#8221;default&#8221; custom_padding=&#8221;0px||1px|||&#8221; global_colors_info=&#8221;{}&#8221;][et_pb_column type=&#8221;4_4&#8243; _builder_version=&#8221;4.16&#8243; _module_preset=&#8221;default&#8221; hover_enabled=&#8221;0&#8243; global_colors_info=&#8221;{}&#8221; sticky_enabled=&#8221;0&#8243;][et_pb_text _builder_version=&#8221;4.27.2&#8243; text_font=&#8221;Open Sans||||||||&#8221; text_text_color=&#8221;gcid-1b3e5097-22f7-4397-9711-f7d22b6045e1&#8243; text_font_size=&#8221;16px&#8221; text_line_height=&#8221;1.8em&#8221; header_font=&#8221;Montserrat|900||on|||||&#8221; header_text_color=&#8221;#2D3A57&#8243; header_font_size=&#8221;61px&#8221; header_letter_spacing=&#8221;0.05em&#8221; header_line_height=&#8221;1.2em&#8221; header_2_font=&#8221;Montserrat|600||on|||||&#8221; header_2_text_color=&#8221;#666666&#8243; header_2_font_size=&#8221;20px&#8221; header_2_letter_spacing=&#8221;6px&#8221; header_2_line_height=&#8221;1.4em&#8221; header_3_font=&#8221;Montserrat|900||on|||||&#8221; header_3_text_color=&#8221;#2D3A57&#8243; header_3_font_size=&#8221;20px&#8221; header_3_letter_spacing=&#8221;0.05em&#8221; header_3_line_height=&#8221;1.2em&#8221; header_4_font=&#8221;Montserrat|900||on|||||&#8221; header_4_text_color=&#8221;#2D3A57&#8243; header_4_font_size=&#8221;40px&#8221; header_4_letter_spacing=&#8221;0.05em&#8221; header_4_line_height=&#8221;1.2em&#8221; header_5_font=&#8221;Montserrat|900||on|||||&#8221; header_5_text_color=&#8221;#2D3A57&#8243; header_5_font_size=&#8221;61px&#8221; header_5_letter_spacing=&#8221;0.05em&#8221; header_5_line_height=&#8221;1.2em&#8221; header_6_font=&#8221;Montserrat|900||on|||||&#8221; header_6_text_color=&#8221;#2D3A57&#8243; header_6_font_size=&#8221;61px&#8221; header_6_letter_spacing=&#8221;0.05em&#8221; header_6_line_height=&#8221;1.2em&#8221; background_color=&#8221;#FFFFFF&#8221; position_origin_a=&#8221;center_left&#8221; z_index=&#8221;1&#8243; width=&#8221;100%&#8221; width_tablet=&#8221;100%&#8221; width_phone=&#8221;&#8221; width_last_edited=&#8221;on|tablet&#8221; custom_margin=&#8221;|-40%|||false|false&#8221; hover_enabled=&#8221;0&#8243; header_font_size_tablet=&#8221;&#8221; header_font_size_phone=&#8221;30px&#8221; header_font_size_last_edited=&#8221;on|desktop&#8221; header_2_font_size_tablet=&#8221;16px&#8221; header_2_font_size_phone=&#8221;14px&#8221; header_2_font_size_last_edited=&#8221;on|desktop&#8221; header_3_font_size_tablet=&#8221;&#8221; header_3_font_size_phone=&#8221;18px&#8221; header_3_font_size_last_edited=&#8221;on|phone&#8221; header_4_font_size_tablet=&#8221;&#8221; header_4_font_size_phone=&#8221;30px&#8221; header_4_font_size_last_edited=&#8221;on|phone&#8221; header_5_font_size_tablet=&#8221;&#8221; header_5_font_size_phone=&#8221;30px&#8221; header_5_font_size_last_edited=&#8221;on|desktop&#8221; header_6_font_size_tablet=&#8221;&#8221; header_6_font_size_phone=&#8221;30px&#8221; header_6_font_size_last_edited=&#8221;on|desktop&#8221; global_colors_info=&#8221;{%22gcid-1b3e5097-22f7-4397-9711-f7d22b6045e1%22:%91%22text_text_color%22%93}&#8221; sticky_enabled=&#8221;0&#8243;]<\/p>\n<h3><span style=\"font-size: large; color: #2d3a57;\">1. Geltung, Begriffsdefinitionen<\/span><\/h3>\n<p style=\"text-align: justify;\">1.1 SKYTAT GmbH, <span>Mariahilfer Stra\u00dfe 36\/6, <\/span><span>1070 Wien<\/span>, \u00d6sterreich (im Folgenden: \u201ewir\u201c oder \u201eSKYTRADERS Communtiy\u201c) betreibt unter der Webseite https:\/\/shop.skytraders.community\/ einen Online-Shop. Die nachfolgenden allgemeinen Gesch\u00e4ftsbedingungen gelten f\u00fcr alle Leistungen zwischen uns und unseren Kunden (im Folgenden: \u201eKunde\u201c oder \u201eSie\u201c) in ihrer zum Zeitpunkt der Bestellung g\u00fcltigen Fassung, soweit nicht etwas anderes ausdr\u00fccklich vereinbart wurde.<\/p>\n<p style=\"text-align: justify;\">1.2 \u201eVerbraucher\u201c im Sinne dieser Gesch\u00e4ftsbedingungen ist jede nat\u00fcrliche Person, die ein Rechtsgesch\u00e4ft zu Zwecken abschlie\u00dft, die \u00fcberwiegend weder ihrer gewerblichen noch ihrer selbst\u00e4ndigen beruflichen T\u00e4tigkeit zugerechnet werden k\u00f6nnen. \u201eUnternehmer\u201c ist eine nat\u00fcrliche oder juristische Person oder eine rechtsf\u00e4hige Personengesellschaft, die bei Abschluss eines Rechtsgesch\u00e4fts in Aus\u00fcbung ihrer gewerblichen oder selbst\u00e4ndigen beruflichen T\u00e4tigkeit handelt, wobei eine rechtsf\u00e4hige Personengesellschaft eine Personengesellschaft ist, die mit der F\u00e4higkeit ausgestattet ist, Rechte zu erwerben und Verbindlichkeiten einzugehen.<\/p>\n<p style=\"text-align: justify;\">1.3 F\u00fcr Vertr\u00e4ge zur Lieferung von Gutscheinen gelten diese Gesch\u00e4ftsbedingungen entsprechend, sofern insoweit nicht etwas Abweichendes geregelt ist.<\/p>\n<p style=\"text-align: justify;\">1.4 F\u00fcr Vertr\u00e4ge zur Lieferung von Tickets gelten diese Gesch\u00e4ftsbedingungen entsprechend, sofern insoweit nicht ausdr\u00fccklich etwas Abweichendes geregelt ist. Dabei regeln diese Gesch\u00e4ftsbedingungen lediglich den Verkauf von Tickets f\u00fcr bestimmte, in der Artikelbeschreibung des Verk\u00e4ufers n\u00e4her bezeichnete Veranstaltungen und nicht die Durchf\u00fchrung dieser Veranstaltungen. F\u00fcr die Durchf\u00fchrung der Veranstaltungen gelten ausschlie\u00dflich die gesetzlichen Bestimmungen im Verh\u00e4ltnis zwischen dem Teilnehmer und dem Veranstalter sowie ggf. hiervon abweichende Bedingungen des Veranstalters. Sofern der Verk\u00e4ufer nicht zugleich auch Veranstalter ist, haftet er nicht f\u00fcr die ordnungsgem\u00e4\u00dfe Durchf\u00fchrung der Veranstaltung, f\u00fcr die ausschlie\u00dflich der jeweilige Veranstalter verantwortlich ist.<\/p>\n<p style=\"text-align: justify;\">1.5 F\u00fcr Vertr\u00e4ge zur Bereitstellung von digitalen Inhalten gelten diese Gesch\u00e4ftsbedingungen entsprechend, sofern insoweit nicht etwas Abweichendes geregelt ist. Digitale Inhalte im Sinne dieser Gesch\u00e4ftsbedingungen sind Daten, die in digitaler Form erstellt und bereitgestellt werden.<\/p>\n<p style=\"text-align: justify;\">1.6 Gegenstand des Vertrages kann \u2013 je nach Inhaltsbeschreibung des Verk\u00e4ufers \u2013 sowohl die einmalige Bereitstellung von digitalen Inhalten, als auch die regelm\u00e4\u00dfige Bereitstellung von digitalen Inhalten sein.<\/p>\n<h3><span style=\"font-family: Montserrat, Helvetica, Arial, Lucida, sans-serif; font-size: 20px; font-weight: 900; letter-spacing: 0.05em; text-transform: uppercase;\">2. Zustandekommen der Vertr\u00e4ge, Speicherung des Vertragstextes<\/span><\/h3>\n<p style=\"text-align: justify;\">2.1 Die folgenden Regelungen \u00fcber den Vertragsabschluss gelten f\u00fcr Bestellungen \u00fcber unseren Online-Shop unter https:\/\/shop.skytraders.community\/.<\/p>\n<p style=\"text-align: justify;\">2.2 Unsere Produktdarstellungen im Internet sind unverbindlich und kein verbindliches Angebot zum Abschluss eines Vertrages.<\/p>\n<p style=\"text-align: justify;\">2.3 Bei Eingang einer Bestellung in unserem Online-Shop gelten folgende Regelungen: Der Kunde gibt ein bindendes Vertragsangebot ab, indem er die in unserem Online-Shop vorgesehene Bestellprozedur erfolgreich durchl\u00e4uft. Die Bestellung erfolgt in folgenden Schritten:<\/p>\n<ul style=\"text-align: justify;\">\n<li>Auswahl der gew\u00fcnschten Ware,<\/li>\n<li>Hinzuf\u00fcgen der Produkte durch Anklicken des entsprechenden Buttons (z.B. \u201eIn den Warenkorb\u201c, \u201eIn die Einkaufstasche\u201c o.\u00e4.),<\/li>\n<li>Pr\u00fcfung der Angaben im Warenkorb,<\/li>\n<li>Aufrufen der Bestell\u00fcbersicht durch Anklicken des entsprechenden Buttons (z.B. \u201eWeiter zur Kasse\u201c, \u201eWeiter zur Zahlung\u201c, \u201eZur Bestell\u00fcbersicht\u201c o.\u00e4.),<\/li>\n<li>Eingabe\/Pr\u00fcfung der Adress- und Kontaktdaten, Auswahl der Zahlungsart, Best\u00e4tigung der AGB und Widerrufsbelehrung,<\/li>\n<li>Abschluss der Bestellung durch Bet\u00e4tigung des Buttons \u201eJetzt kaufen\u201c. Dies stellt Ihre verbindliche Bestellung dar.<\/li>\n<li>Der Vertrag kommt zustande, indem Ihnen innerhalb von drei Werktagen an die angegebene E-Mail-Adresse eine Bestellbest\u00e4tigung von uns zugeht.<\/li>\n<\/ul>\n<p style=\"text-align: justify;\">2.4 Im Falle des Vertragsschlusses kommt der Vertrag mit SKYTAT GmbH, Wollzeile 11 \/ 2.OG, 1010 Wien, \u00d6sterreich zustande.<\/p>\n<p style=\"text-align: justify;\">2.5 Vor der Bestellung k\u00f6nnen die Vertragsdaten \u00fcber die Druckfunktion des Browsers ausgedruckt oder elektronisch gesichert werden. Die Abwicklung der Bestellung und \u00dcbermittlung aller im Zusammenhang mit dem Vertragsschluss erforderlichen Informationen, insbesondere der Bestelldaten, der AGB und der Widerrufsbelehrung, erfolgt per E-Mail nach dem Ausl\u00f6sen der Bestellung durch Sie, zum Teil automatisiert. Wir speichern den Vertragstext nach Vertragsschluss nicht.<\/p>\n<p style=\"text-align: justify;\">2.6 Eingabefehler k\u00f6nnen mittels der \u00fcblichen Tastatur-, Maus- und Browser-Funktionen (z.B. \u00bbZur\u00fcck-Button\u00ab des Browsers) berichtigt werden. Sie k\u00f6nnen auch dadurch berichtigt werden, dass Sie den Bestellvorgang vorzeitig abbrechen, das Browserfenster schlie\u00dfen und den Vorgang wiederholen.<\/p>\n<p style=\"text-align: justify;\">2.7 Die Abwicklung der Bestellung und \u00dcbermittlung aller im Zusammenhang mit dem Vertragsschluss erforderlichen Informationen erfolgt per E-Mail zum Teil automatisiert. Sie haben deshalb sicherzustellen, dass die von Ihnen bei uns hinterlegte E-Mail-Adresse zutreffend ist, der Empfang der E-Mails technisch sichergestellt und insbesondere nicht durch SPAM-Filter verhindert wird.<\/p>\n<h3><span style=\"font-size: 16px;\">3. Gegenstand des Vertrages und wesentliche Merkmale der Produkte<\/span><\/h3>\n<p><span style=\"font-size: 16px;\"><\/span><\/p>\n<p style=\"text-align: justify;\">3.1 Bei unserem Online-Shop ist Vertragsgegenstand:<\/p>\n<ul style=\"text-align: justify;\">\n<li>Der Verkauf von Waren und Dienstleistungen. Die konkret angebotenen Waren und Dienstleistungen k\u00f6nnen Sie unseren Artikelseiten entnehmen.<\/li>\n<\/ul>\n<p style=\"text-align: justify;\">3.2 Die wesentlichen Merkmale der Ware sowie Dienstleistung (OnlineKurse, Coachings, Seminare, Events usw.) finden sich in der Artikelbeschreibung.<\/p>\n<p style=\"text-align: justify;\">3.3 F\u00fcr den Verkauf digitaler Produkte gelten die aus der Produktbeschreibung ersichtlichen oder sich sonst aus den Umst\u00e4nden ergebenden Beschr\u00e4nkungen, insbesondere zu Hard- und\/oder Softwareanforderungen an die Zielumgebung. Wenn nicht ausdr\u00fccklich etwas anderes vereinbart ist, ist Vertragsgegenstand nur die private und gewerbliche Nutzung der Produkte ohne das Recht zur Weiterver\u00e4u\u00dferung oder Unterlizensierung.<\/p>\n<h3><span style=\"font-size: 16px;\">4. Preise, Versandkosten und Lieferung<\/span><span style=\"font-size: 16px;\"><\/span><\/h3>\n<p style=\"text-align: justify;\">4.1 Die in den jeweiligen Angeboten angef\u00fchrten Preise sowie die Versandkosten sind Gesamtpreise und beinhalten alle Preisbestandteile einschlie\u00dflich aller anfallenden Steuern.<\/p>\n<p style=\"text-align: justify;\">4.2 Der jeweilige Kaufpreis ist vor der Lieferung des Produktes zu leisten (Vorkasse), es sei denn, wir bieten ausdr\u00fccklich den Kauf auf Rechnung an. Die Ihnen zur Verf\u00fcgung stehenden Zahlungsarten sind unter einer entsprechend bezeichneten Schaltfl\u00e4che im Online-Shop oder im jeweiligen Angebot ausgewiesen. Soweit bei den einzelnen Zahlungsarten nicht anders angegeben, sind die Zahlungsanspr\u00fcche sofort zur Zahlung f\u00e4llig.<\/p>\n<p style=\"text-align: justify;\">4.3 Zus\u00e4tzlich zu den angegebenen Preisen k\u00f6nnen f\u00fcr die Lieferung von Produkten Versandkosten anfallen, sofern der jeweilige Artikel nicht als versandkostenfrei ausgewiesen ist. Die Versandkosten werden Ihnen auf den Angeboten, ggf. im Warenkorbsystem und auf der Bestell\u00fcbersicht nochmals deutlich mitgeteilt.<\/p>\n<p style=\"text-align: justify;\">4.4 Alle angebotenen Produkte sind, sofern nicht in der Produktbeschreibung deutlich anders angegeben, sofort versandfertig (Lieferzeit: 2 Tage nach dem Eingang der Zahlung).<\/p>\n<h3><span style=\"font-size: 16px;\">5. Zur\u00fcckbehaltungsrecht, Eigentumsvorbehalt<\/span><\/h3>\n<p>5.1 Ein Zur\u00fcckbehaltungsrecht k\u00f6nnen Sie nur aus\u00fcben, soweit es sich um Forderungen aus demselben Vertragsverh\u00e4ltnis handelt.<\/p>\n<p>5.2 Die Ware bleibt bis zur vollst\u00e4ndigen Zahlung des Kaufpreises unser Eigentum.<\/p>\n<h3><span style=\"font-size: 16px;\">6. Widerrufsrecht<\/span><span style=\"font-size: 16px;\"><\/span><\/h3>\n<p style=\"text-align: justify;\">6.1 Als Verbraucher haben Sie ein Widerrufsrecht. Dieses richtet sich nach unserer <a href=\"https:\/\/shop.skytraders.community\/de\/widerruf\/\">Widerrufsbelehrung<\/a>.<\/p>\n<h3><span style=\"font-size: 16px;\">7. Haftung<\/span><span style=\"font-size: 16px;\"><\/span><\/h3>\n<p style=\"text-align: justify;\">7.1 Vorbehaltlich der nachfolgenden Ausnahmen ist unsere Haftung f\u00fcr vertragliche Pflichtverletzungen sowie aus unerlaubter Handlung auf Vorsatz oder grobe Fahrl\u00e4ssigkeit beschr\u00e4nkt.<\/p>\n<p style=\"text-align: justify;\">7.2 Wir haften bei leichter Fahrl\u00e4ssigkeit im Falle der Verletzung des Lebens, des K\u00f6rpers, der Gesundheit oder bei Verletzung einer vertragswesentlichen Pflicht unbeschr\u00e4nkt. Wenn wir durch leichte Fahrl\u00e4ssigkeit mit der Leistung in Verzug geraten sind, wenn die Leistung unm\u00f6glich geworden ist oder wenn wir eine vertragswesentliche Pflicht verletzt haben, ist die Haftung f\u00fcr darauf zur\u00fcckzuf\u00fchrende Sach- und Verm\u00f6genssch\u00e4den auf den vertragstypisch vorhersehbaren Schaden begrenzt. Eine vertragswesentliche Pflicht ist eine solche, deren Erf\u00fcllung die ordnungsgem\u00e4\u00dfe Durchf\u00fchrung des Vertrages \u00fcberhaupt erst erm\u00f6glicht, deren Verletzung die Erreichung des Vertragszwecks gef\u00e4hrdet und auf deren Einhaltung Sie regelm\u00e4\u00dfig vertrauen d\u00fcrfen. Dazu geh\u00f6rt insbesondere unsere Pflicht zum T\u00e4tigwerden und der Erf\u00fcllung der vertraglich geschuldeten Leistung, die in 3. beschrieben wird.<\/p>\n<h3><span style=\"font-size: 16px;\">8. Vertragssprache<\/span><\/h3>\n<p style=\"text-align: justify;\">8.1 Als Vertragssprache steht ausschlie\u00dflich Deutsch zur Verf\u00fcgung.<\/p>\n<h3><span style=\"font-size: 16px;\">9. Gew\u00e4hrleistung<\/span><\/h3>\n<p style=\"text-align: justify;\">9.1 Die Gew\u00e4hrleistung richtet sich nach den gesetzlichen Bestimmungen.<\/p>\n<p style=\"text-align: justify;\">9.2 Gegen\u00fcber Unternehmern betr\u00e4gt die Gew\u00e4hrleistungsfrist auf gelieferte Sachen 12 Monate.<\/p>\n<p style=\"text-align: justify;\">9.3 Als Verbraucher werden Sie gebeten, die Sache\/die digitalen G\u00fcter oder die erbrachte Dienstleistung bei Vertragserf\u00fcllung umgehend auf Vollst\u00e4ndigkeit, offensichtliche M\u00e4ngel und Transportsch\u00e4den zu \u00fcberpr\u00fcfen und uns sowie dem Spediteur Beanstandungen schnellstm\u00f6glich mitzuteilen. Kommen Sie dem nicht nach, hat dies nat\u00fcrlich keine Auswirkung auf Ihre gesetzlichen Gew\u00e4hrleistungsanspr\u00fcche.<\/p>\n<h3><span style=\"font-size: 16px;\">10. Einl\u00f6sung von gutscheinen<\/span><\/h3>\n<p style=\"text-align: justify;\">10.1 Gutscheine, die \u00fcber den Online-Shop des Verk\u00e4ufers k\u00e4uflich erworben werden k\u00f6nnen (nachfolgend &#8220;Gutscheine&#8221;), k\u00f6nnen nur im Online-Shop und Unternehmensnetzwerk des Verk\u00e4ufers eingel\u00f6st werden, sofern sich aus dem Gutschein nichts anderes ergibt.<\/p>\n<p style=\"text-align: justify;\">10.2 Gutscheine k\u00f6nnen nur f\u00fcr den Kauf von Waren und Dienstleistungen und nicht f\u00fcr den Kauf von weiteren Geschenkgutscheinen verwendet werden.<\/p>\n<p>10.3 Das Guthaben eines Gutscheins wird weder in Bargeld ausgezahlt noch verzinst.<\/p>\n<p style=\"text-align: justify;\">10.4 Der Gutschein ist \u00fcbertragbar. Der Verk\u00e4ufer kann mit befreiender Wirkung an den jeweiligen Inhaber, der den Gutschein im Online-Shop und Unternehmensnetzwerk des Verk\u00e4ufers einl\u00f6st, leisten. Dies gilt nicht, wenn der Verk\u00e4ufer Kenntnis oder grob fahrl\u00e4ssige Unkenntnis von der Nichtberechtigung, der Gesch\u00e4ftsunf\u00e4higkeit oder der fehlenden Vertretungsberechtigung des jeweiligen Inhabers hat.<\/p>\n<h3><span style=\"font-size: 16px;\">11. Schlussbestimmungen<\/span><\/h3>\n<p style=\"text-align: justify;\">11.1 Es gilt \u00f6sterreichisches Recht. Bei Verbrauchern gilt diese Rechtswahl nur, soweit hierdurch der durch zwingende Bestimmungen des Rechts des Staates des gew\u00f6hnlichen Aufenthaltes des Verbrauchers gew\u00e4hrte Schutz nicht entzogen wird (G\u00fcnstigkeitsprinzip).<\/p>\n<p style=\"text-align: justify;\">11.2 Die Bestimmungen des UN-Kaufrechts finden ausdr\u00fccklich keine Anwendung.<\/p>\n<p style=\"text-align: justify;\">11.3 Sofern es sich beim Kunden um einen Kaufmann, eine juristische Person des \u00f6ffentlichen Rechts oder um ein \u00f6ffentlich-rechtliches Sonderverm\u00f6gen handelt, ist Gerichtsstand f\u00fcr alle Streitigkeiten aus Vertragsverh\u00e4ltnissen zwischen dem Kunden und dem Anbieter der Sitz des Anbieters.<strong> <\/strong><\/p>\n<h3><span style=\"font-size: 16px;\">12. Salvatorische Klausel<\/span><\/h3>\n<p style=\"text-align: justify;\">12.1 Die Unwirksamkeit oder Nichtigkeit einzelner oder mehrerer Bestimmungen dieses Vertrages l\u00e4sst die Wirksamkeit dieses Vertrages im \u00dcbrigen unber\u00fchrt. An die Stelle des nichtigen oder unwirksam gewordenen Teils soll eine Regelung treten, die dem wirtschaftlichen Sinn und Zweck des Vertrages am ehesten gerecht wird.<\/p>\n<h3 style=\"text-align: justify;\">13. DATENSCHUTZ<\/h3>\n<p style=\"text-align: justify;\">13.1 Informationen zur Erhebung, Verarbeitung und Nutzung Ihrer personenbezogenen Daten finden Sie in unserer separaten Datenschutzerkl\u00e4rung, die Sie unter <a href=\"https:\/\/shop.skytraders.community\/de\/privacy-policy\/\">https:\/\/shop.skytraders.community\/de\/privacy-policy\/<\/a> einsehen k\u00f6nnen.<\/p>\n<h3 style=\"text-align: justify;\">14. \u00c4NDERUNGEN DER AGB<\/h3>\n<p style=\"text-align: justify;\">14.1 Wir behalten uns vor, diese AGB jederzeit zu \u00e4ndern. Die jeweils aktuelle Version wird auf unserer Website ver\u00f6ffentlicht. Bei wesentlichen \u00c4nderungen werden wir Sie per E-Mail oder durch einen deutlichen Hinweis auf unserer Website informieren. Ihre fortgesetzte Nutzung unseres Online-Shops nach Inkrafttreten der \u00c4nderungen gilt als Zustimmung zu den neuen AGB.<\/p>\n<h3 style=\"text-align: justify;\">15. H\u00d6HERE GEWALT<\/h3>\n<p style=\"text-align: justify;\">15.1 Wir haften nicht f\u00fcr Verz\u00f6gerungen oder Nichterf\u00fcllung unserer Verpflichtungen, wenn diese durch Umst\u00e4nde verursacht werden, die au\u00dferhalb unserer zumutbaren Kontrolle liegen. Solche Umst\u00e4nde umfassen, sind aber nicht beschr\u00e4nkt auf: Naturkatastrophen, Pandemien, Regierungsma\u00dfnahmen, Kriege, zivile Unruhen, Feuer, Explosionen, \u00dcberschwemmungen, nationale Streiks und Aussperrungen, terroristische Aktivit\u00e4ten und Unterbrechungen der Telekommunikations- oder Stromnetze. In solchen F\u00e4llen werden wir Sie so schnell wie m\u00f6glich informieren und unsere Verpflichtungen so bald wie m\u00f6glich nach Beendigung des Ereignisses h\u00f6herer Gewalt erf\u00fcllen.<\/p>\n<p>[\/et_pb_text][\/et_pb_column][\/et_pb_row][\/et_pb_section]<\/p>\n","protected":false},"excerpt":{"rendered":"<p>1. Geltung, Begriffsdefinitionen 1.1 SKYTAT GmbH, Mariahilfer Stra\u00dfe 36\/6, 1070 Wien, \u00d6sterreich (im Folgenden: \u201ewir\u201c oder \u201eSKYTRADERS Communtiy\u201c) betreibt unter der Webseite https:\/\/shop.skytraders.community\/ einen Online-Shop. Die nachfolgenden allgemeinen Gesch\u00e4ftsbedingungen gelten f\u00fcr alle Leistungen zwischen uns und unseren Kunden (im Folgenden: \u201eKunde\u201c oder \u201eSie\u201c) in ihrer zum Zeitpunkt der Bestellung g\u00fcltigen Fassung, soweit nicht etwas anderes [&hellip;]<\/p>\n","protected":false},"author":4,"featured_media":0,"parent":0,"menu_order":0,"comment_status":"closed","ping_status":"closed","template":"","meta":{"_et_pb_use_builder":"on","_et_pb_old_content":"","_et_gb_content_width":"","footnotes":""},"class_list":["post-377","page","type-page","status-publish","hentry"],"_links":{"self":[{"href":"https:\/\/shop.skytraders.community\/de\/wp-json\/wp\/v2\/pages\/377","targetHints":{"allow":["GET"]}}],"collection":[{"href":"https:\/\/shop.skytraders.community\/de\/wp-json\/wp\/v2\/pages"}],"about":[{"href":"https:\/\/shop.skytraders.community\/de\/wp-json\/wp\/v2\/types\/page"}],"author":[{"embeddable":true,"href":"https:\/\/shop.skytraders.community\/de\/wp-json\/wp\/v2\/users\/4"}],"replies":[{"embeddable":true,"href":"https:\/\/shop.skytraders.community\/de\/wp-json\/wp\/v2\/comments?post=377"}],"version-history":[{"count":12,"href":"https:\/\/shop.skytraders.community\/de\/wp-json\/wp\/v2\/pages\/377\/revisions"}],"predecessor-version":[{"id":739,"href":"https:\/\/shop.skytraders.community\/de\/wp-json\/wp\/v2\/pages\/377\/revisions\/739"}],"wp:attachment":[{"href":"https:\/\/shop.skytraders.community\/de\/wp-json\/wp\/v2\/media?parent=377"}],"curies":[{"name":"wp","href":"https:\/\/api.w.org\/{rel}","templated":true}]}}