{"id":519,"date":"2023-02-26T10:37:01","date_gmt":"2023-02-26T10:37:01","guid":{"rendered":"https:\/\/shop.skytraders.community\/de\/?post_type=product&#038;p=519"},"modified":"2024-10-19T07:22:23","modified_gmt":"2024-10-19T07:22:23","slug":"gutschein-skyt-testing-platform-diamond","status":"publish","type":"product","link":"https:\/\/shop.skytraders.community\/de\/product\/gutschein-skyt-testing-platform-diamond\/","title":{"rendered":"Gutschein SKYT Test Plattform \u2013 Diamond"},"content":{"rendered":"<p>Mit der SKYT-<strong>Testplattform<\/strong> k\u00f6nnen Sie:<\/p>\n<ul>\n<li>Charts analysieren<\/li>\n<li>Verwenden Sie eine gro\u00dfe Auswahl an technischen Indikatoren<\/li>\n<li>Programmieren und testen Sie Ihre Handelsideen<\/li>\n<li>Handelsf\u00e4higkeiten simulieren (Realtimekurse max. 100.000 Trades)<\/li>\n<li>Ausbildung &#8211; Beginner Course mit 14 Videos<\/li>\n<li>Ausbildung &#8211;\u00a0 Advanced Course mit 14 Videos<\/li>\n<li>Bitte beachte, dass es sich ausschlie\u00dflich um simulierte Handelsgesch\u00e4fte handelt, die zum \u00dcbungszweck dienen<\/li>\n<\/ul>\n<p style=\"text-align: justify;\">NOTIZ:<br \/>\nDie SKYTAT GmbH erbringt keine regulierungsbed\u00fcrftigen Finanzdienstleistungen. Sie kaufen nur 5.000 SKYTEN-Gutscheine f\u00fcr eine Charting- und Analysesoftware, um Ihre Ideen und F\u00e4higkeiten zu testen. Diese Software wird von einem Partnerunternehmen bereitgestellt. Nach dem Kauf der 5.000 SKYTEN Gutscheine wird sich ein Mitarbeiter der SKYTAT GmbH mit Ihnen in Verbindung setzen, um die Einl\u00f6sebedingungen zu besprechen.<\/p>\n","protected":false},"excerpt":{"rendered":"<p>Mit der SKYT-Testplattform k\u00f6nnen Sie:<\/p>\n<ul>\n<li>Charts analysieren<\/li>\n<li>Verwenden Sie eine gro\u00dfe Auswahl an technischen Indikatoren<\/li>\n<li>Programmieren und testen Sie Ihre Handelsideen<\/li>\n<li>Handelsf\u00e4higkeiten simulieren (Realtimekurse max. 100.000 Trades)<\/li>\n<li>Ausbildung &#8211; Beginner Course mit 14 Videos<\/li>\n<li>Ausbildung &#8211;\u00a0 Advanced Course mit 14 Videos<\/li>\n<li>Bitte beachte, dass es sich ausschlie\u00dflich um simulierte Handelsgesch\u00e4fte handelt, die zum \u00dcbungszweck dienen<\/li>\n<\/ul>\n<p>NOTIZ:<br \/>\nDie SKYTAT GmbH erbringt keine regulierungsbed\u00fcrftigen Finanzdienstleistungen. Sie kaufen nur 5.000 SKYTEN-Gutscheine f\u00fcr eine Charting- und Analysesoftware, um Ihre Ideen und F\u00e4higkeiten zu testen. Diese Software wird von einem Partnerunternehmen bereitgestellt. Nach dem Kauf der 5.000 SKYTEN Gutscheine wird sich ein Mitarbeiter der SKYTAT GmbH mit Ihnen in Verbindung setzen, um die Einl\u00f6sebedingungen zu besprechen.<\/p>\n","protected":false},"featured_media":58,"comment_status":"open","ping_status":"closed","template":"","meta":{"_et_pb_use_builder":"off","_et_pb_old_content":"In this course, you will get to know the strategies with which you can make understandable and quick decisions in practice.\r\n\r\n<b>PRODUCT DETAILS<\/b>\r\n<ul>\r\n<li>Trend Line Analysis<\/li>\r\n<li>Trend channels<\/li>\r\n<li>Act across multiple time horizons<\/li>\r\n<li>Diversification<\/li>\r\n<li>Risk and Money Management<\/li>\r\n<li>Stop-loss determination<\/li>\r\n<\/ul>","_et_gb_content_width":""},"product_brand":[],"product_cat":[23],"product_tag":[],"class_list":{"0":"post-519","1":"product","2":"type-product","3":"status-publish","4":"has-post-thumbnail","6":"product_cat-software","8":"first","9":"instock","10":"sale","11":"virtual","12":"purchasable","13":"product-type-simple"},"_links":{"self":[{"href":"https:\/\/shop.skytraders.community\/de\/wp-json\/wp\/v2\/product\/519","targetHints":{"allow":["GET"]}}],"collection":[{"href":"https:\/\/shop.skytraders.community\/de\/wp-json\/wp\/v2\/product"}],"about":[{"href":"https:\/\/shop.skytraders.community\/de\/wp-json\/wp\/v2\/types\/product"}],"replies":[{"embeddable":true,"href":"https:\/\/shop.skytraders.community\/de\/wp-json\/wp\/v2\/comments?post=519"}],"wp:featuredmedia":[{"embeddable":true,"href":"https:\/\/shop.skytraders.community\/de\/wp-json\/wp\/v2\/media\/58"}],"wp:attachment":[{"href":"https:\/\/shop.skytraders.community\/de\/wp-json\/wp\/v2\/media?parent=519"}],"wp:term":[{"taxonomy":"product_brand","embeddable":true,"href":"https:\/\/shop.skytraders.community\/de\/wp-json\/wp\/v2\/product_brand?post=519"},{"taxonomy":"product_cat","embeddable":true,"href":"https:\/\/shop.skytraders.community\/de\/wp-json\/wp\/v2\/product_cat?post=519"},{"taxonomy":"product_tag","embeddable":true,"href":"https:\/\/shop.skytraders.community\/de\/wp-json\/wp\/v2\/product_tag?post=519"}],"curies":[{"name":"wp","href":"https:\/\/api.w.org\/{rel}","templated":true}]}}