{"id":640,"date":"2024-10-16T10:18:56","date_gmt":"2024-10-16T10:18:56","guid":{"rendered":"https:\/\/shop.skytraders.community\/de\/?post_type=product&#038;p=640"},"modified":"2024-10-19T07:16:38","modified_gmt":"2024-10-19T07:16:38","slug":"skytraders-sweatshirt-blau-logo","status":"publish","type":"product","link":"https:\/\/shop.skytraders.community\/de\/product\/skytraders-sweatshirt-blau-logo\/","title":{"rendered":"SKYTRADERS Sweatshirt dunkelblau- Logo"},"content":{"rendered":"<p>Hochwertiges dunkelblaues Sweatshirt ist in den Gr\u00f6\u00dfen M, L &amp; XL erh\u00e4ltlich.<\/p>\n<p><b>NOTE:<br \/>\n<\/b>Mit diesem Produkt kaufen Sie 300 SKYTEN-Gutscheine. Dieses Produkt wird von einem Partnerunternehmen bereitgestellt. Nach dem Kauf der SKYTEN-Gutscheine wird sich ein Mitarbeiter der SKYTAT GmbH mit Ihnen in Verbindung setzen, um die Einl\u00f6sebedingungen zu besprechen.<\/p>\n","protected":false},"excerpt":{"rendered":"<p>Hochwertiges dunkelblaues Sweatshirt ist in den Gr\u00f6\u00dfen M, L &amp; XL erh\u00e4ltlich.<\/p>\n<p><b>NOTE:<br \/>\n<\/b>Mit diesem Produkt kaufen Sie 300 SKYTEN-Gutscheine. Dieses Produkt wird von einem Partnerunternehmen bereitgestellt. Nach dem Kauf der SKYTEN-Gutscheine wird sich ein Mitarbeiter der SKYTAT GmbH mit Ihnen in Verbindung setzen, um die Einl\u00f6sebedingungen zu besprechen.<\/p>\n","protected":false},"featured_media":620,"comment_status":"open","ping_status":"closed","template":"","meta":{"_et_pb_use_builder":"","_et_pb_old_content":"","_et_gb_content_width":""},"product_brand":[],"product_cat":[43],"product_tag":[],"class_list":{"0":"post-640","1":"product","2":"type-product","3":"status-publish","4":"has-post-thumbnail","6":"product_cat-sweatshirt-hoodies","8":"first","9":"instock","10":"purchasable","11":"product-type-simple"},"_links":{"self":[{"href":"https:\/\/shop.skytraders.community\/de\/wp-json\/wp\/v2\/product\/640","targetHints":{"allow":["GET"]}}],"collection":[{"href":"https:\/\/shop.skytraders.community\/de\/wp-json\/wp\/v2\/product"}],"about":[{"href":"https:\/\/shop.skytraders.community\/de\/wp-json\/wp\/v2\/types\/product"}],"replies":[{"embeddable":true,"href":"https:\/\/shop.skytraders.community\/de\/wp-json\/wp\/v2\/comments?post=640"}],"wp:featuredmedia":[{"embeddable":true,"href":"https:\/\/shop.skytraders.community\/de\/wp-json\/wp\/v2\/media\/620"}],"wp:attachment":[{"href":"https:\/\/shop.skytraders.community\/de\/wp-json\/wp\/v2\/media?parent=640"}],"wp:term":[{"taxonomy":"product_brand","embeddable":true,"href":"https:\/\/shop.skytraders.community\/de\/wp-json\/wp\/v2\/product_brand?post=640"},{"taxonomy":"product_cat","embeddable":true,"href":"https:\/\/shop.skytraders.community\/de\/wp-json\/wp\/v2\/product_cat?post=640"},{"taxonomy":"product_tag","embeddable":true,"href":"https:\/\/shop.skytraders.community\/de\/wp-json\/wp\/v2\/product_tag?post=640"}],"curies":[{"name":"wp","href":"https:\/\/api.w.org\/{rel}","templated":true}]}}