{"id":688,"date":"2024-10-17T07:58:10","date_gmt":"2024-10-17T07:58:10","guid":{"rendered":"https:\/\/shop.skytraders.community\/de\/?post_type=product&#038;p=688"},"modified":"2024-10-18T11:11:39","modified_gmt":"2024-10-18T11:11:39","slug":"minibuch-social-media-fur-kmus","status":"publish","type":"product","link":"https:\/\/shop.skytraders.community\/de\/product\/minibuch-social-media-fur-kmus\/","title":{"rendered":"Minibuch &#8211; Social Media f\u00fcr KMUs"},"content":{"rendered":"<p>Das Mini-Buch bietet eine detaillierte Anleitung f\u00fcr kleine und mittelst\u00e4ndische Unternehmen (KMU), um erfolgreich in die Welt des Social Media einzutauchen. Es erkl\u00e4rt die wichtigsten Schritte, die Unternehmen unternehmen m\u00fcssen, um ihre Social Media-Pr\u00e4senz zu st\u00e4rken und nachhaltige Erfolge zu erzielen.<\/p>\n<p><strong>NOTE:<\/strong><br \/>\nMit diesem Produkt kaufen Sie 150 SKYTEN-Gutscheine f\u00fcr ein Mini Buch. Diese Mini Buch wird von einem Partnerunternehmen durchgef\u00fchrt. Nach dem Kauf der SKYTEN-Gutscheine wird sich ein Mitarbeiter der SKYTAT GmbH mit Ihnen in Verbindung setzen, um die Einl\u00f6sebedingungen zu besprechen.<\/p>\n","protected":false},"excerpt":{"rendered":"<p>Das Mini-Buch bietet eine detaillierte Anleitung f\u00fcr kleine und mittelst\u00e4ndische Unternehmen (KMU), um erfolgreich in die Welt des Social Media einzutauchen. Es erkl\u00e4rt die wichtigsten Schritte, die Unternehmen unternehmen m\u00fcssen, um ihre Social Media-Pr\u00e4senz zu st\u00e4rken und nachhaltige Erfolge zu erzielen.<\/p>\n<p><strong>NOTE:<\/strong><br \/>\nMit diesem Produkt kaufen Sie 150 SKYTEN-Gutscheine f\u00fcr ein Mini Buch. Diese Mini Buch wird von einem Partnerunternehmen durchgef\u00fchrt. Nach dem Kauf der SKYTEN-Gutscheine wird sich ein Mitarbeiter der SKYTAT GmbH mit Ihnen in Verbindung setzen, um die Einl\u00f6sebedingungen zu besprechen.<\/p>\n","protected":false},"featured_media":699,"comment_status":"open","ping_status":"closed","template":"","meta":{"_et_pb_use_builder":"","_et_pb_old_content":"","_et_gb_content_width":""},"product_brand":[],"product_cat":[16],"product_tag":[17,18,19,20],"class_list":{"0":"post-688","1":"product","2":"type-product","3":"status-publish","4":"has-post-thumbnail","6":"product_cat-online-kurs","7":"product_tag-for-beginners","8":"product_tag-online-course","9":"product_tag-stock-market-trading","10":"product_tag-technical-analysis","12":"first","13":"instock","14":"downloadable","15":"virtual","16":"purchasable","17":"product-type-simple"},"_links":{"self":[{"href":"https:\/\/shop.skytraders.community\/de\/wp-json\/wp\/v2\/product\/688","targetHints":{"allow":["GET"]}}],"collection":[{"href":"https:\/\/shop.skytraders.community\/de\/wp-json\/wp\/v2\/product"}],"about":[{"href":"https:\/\/shop.skytraders.community\/de\/wp-json\/wp\/v2\/types\/product"}],"replies":[{"embeddable":true,"href":"https:\/\/shop.skytraders.community\/de\/wp-json\/wp\/v2\/comments?post=688"}],"wp:featuredmedia":[{"embeddable":true,"href":"https:\/\/shop.skytraders.community\/de\/wp-json\/wp\/v2\/media\/699"}],"wp:attachment":[{"href":"https:\/\/shop.skytraders.community\/de\/wp-json\/wp\/v2\/media?parent=688"}],"wp:term":[{"taxonomy":"product_brand","embeddable":true,"href":"https:\/\/shop.skytraders.community\/de\/wp-json\/wp\/v2\/product_brand?post=688"},{"taxonomy":"product_cat","embeddable":true,"href":"https:\/\/shop.skytraders.community\/de\/wp-json\/wp\/v2\/product_cat?post=688"},{"taxonomy":"product_tag","embeddable":true,"href":"https:\/\/shop.skytraders.community\/de\/wp-json\/wp\/v2\/product_tag?post=688"}],"curies":[{"name":"wp","href":"https:\/\/api.w.org\/{rel}","templated":true}]}}