{"id":695,"date":"2024-10-17T08:46:06","date_gmt":"2024-10-17T08:46:06","guid":{"rendered":"https:\/\/shop.skytraders.community\/de\/?post_type=product&#038;p=695"},"modified":"2024-10-17T08:46:06","modified_gmt":"2024-10-17T08:46:06","slug":"die-strategien-der-turtle-trader-geheime-methoden-die-gewohnliche-menschen-in-legendare-trader-verwandeln","status":"publish","type":"product","link":"https:\/\/shop.skytraders.community\/de\/product\/die-strategien-der-turtle-trader-geheime-methoden-die-gewohnliche-menschen-in-legendare-trader-verwandeln\/","title":{"rendered":"Die Strategien der Turtle Trader: Geheime Methoden, die gew\u00f6hnliche Menschen in legend\u00e4re Trader verwandeln"},"content":{"rendered":"<p>&#8220;Die Strategien der Turtle Trader&#8221; deckt das gesamte Experiment auf und erkl\u00e4rt anschaulich, was den &#8220;Turtles&#8221; damals gelehrt wurde und wie sie dieses Wissen, das ihnen immerhin j\u00e4hrlich bis zu 80% Rendite bescherte, umgesetzt haben. Der Leser bekommt einen guten Eindruck davon, welche F\u00e4higkeiten und welches Wissen n\u00f6tig sind, um an den internationalen Finanzm\u00e4rkten Millionen zu verdienen.<\/p>\n<p>Diese Produkt wird nicht von der SKYTAT Gmbh verkauft. Der Verkauf und die Lieferung findet \u00fcber Amazon statt.<\/p>\n","protected":false},"excerpt":{"rendered":"<p>&#8220;Die Strategien der Turtle Trader&#8221; deckt das gesamte Experiment auf und erkl\u00e4rt anschaulich, was den &#8220;Turtles&#8221; damals gelehrt wurde und wie sie dieses Wissen, das ihnen immerhin j\u00e4hrlich bis zu 80% Rendite bescherte, umgesetzt haben. Der Leser bekommt einen guten Eindruck davon, welche F\u00e4higkeiten und welches Wissen n\u00f6tig sind, um an den internationalen Finanzm\u00e4rkten Millionen zu verdienen.<\/p>\n<p>Diese Produkt wird nicht von der SKYTAT Gmbh verkauft. Der Verkauf und die Lieferung findet \u00fcber Amazon statt.<\/p>\n","protected":false},"featured_media":697,"comment_status":"open","ping_status":"closed","template":"","meta":{"_et_pb_use_builder":"","_et_pb_old_content":"","_et_gb_content_width":""},"product_brand":[],"product_cat":[45],"product_tag":[],"class_list":{"0":"post-695","1":"product","2":"type-product","3":"status-publish","4":"has-post-thumbnail","6":"product_cat-buchtipps","8":"first","9":"instock","10":"taxable","11":"shipping-taxable","12":"product-type-external"},"_links":{"self":[{"href":"https:\/\/shop.skytraders.community\/de\/wp-json\/wp\/v2\/product\/695","targetHints":{"allow":["GET"]}}],"collection":[{"href":"https:\/\/shop.skytraders.community\/de\/wp-json\/wp\/v2\/product"}],"about":[{"href":"https:\/\/shop.skytraders.community\/de\/wp-json\/wp\/v2\/types\/product"}],"replies":[{"embeddable":true,"href":"https:\/\/shop.skytraders.community\/de\/wp-json\/wp\/v2\/comments?post=695"}],"wp:featuredmedia":[{"embeddable":true,"href":"https:\/\/shop.skytraders.community\/de\/wp-json\/wp\/v2\/media\/697"}],"wp:attachment":[{"href":"https:\/\/shop.skytraders.community\/de\/wp-json\/wp\/v2\/media?parent=695"}],"wp:term":[{"taxonomy":"product_brand","embeddable":true,"href":"https:\/\/shop.skytraders.community\/de\/wp-json\/wp\/v2\/product_brand?post=695"},{"taxonomy":"product_cat","embeddable":true,"href":"https:\/\/shop.skytraders.community\/de\/wp-json\/wp\/v2\/product_cat?post=695"},{"taxonomy":"product_tag","embeddable":true,"href":"https:\/\/shop.skytraders.community\/de\/wp-json\/wp\/v2\/product_tag?post=695"}],"curies":[{"name":"wp","href":"https:\/\/api.w.org\/{rel}","templated":true}]}}