{"id":704,"date":"2024-10-17T09:54:53","date_gmt":"2024-10-17T09:54:53","guid":{"rendered":"https:\/\/shop.skytraders.community\/de\/?post_type=product&#038;p=704"},"modified":"2024-10-17T10:37:10","modified_gmt":"2024-10-17T10:37:10","slug":"die-strategien-der-turtle-trader-geheime-methoden-die-gewohnliche-menschen-in-legendare-trader-verwandeln-copy","status":"publish","type":"product","link":"https:\/\/shop.skytraders.community\/de\/product\/die-strategien-der-turtle-trader-geheime-methoden-die-gewohnliche-menschen-in-legendare-trader-verwandeln-copy\/","title":{"rendered":"Online-Marketing ohne Budget"},"content":{"rendered":"<p>Dieses Buch ist dein Ratgeber und Leitfaden, mit dem du dein Online-Marketing mit leistbarem Aufwand systematisch zum Erfolg bringst, und zwar ganz ohne Budget!Du baust Dein eigenes Gesch\u00e4ft auf, brauchst daf\u00fcr Online-Marketing, hast aber nicht viel Geld zur Verf\u00fcgung? Du f\u00fchrst ein kleines Gesch\u00e4ft und willst jetzt endlich mit Online-Marketing starten, wei\u00dft aber noch nicht, wie das sinnvoll geht? Dann lies \u2013 und arbeite \u2013 mit diesem Buch!\u201eOnline-Marketing ohne Budget\u201c bietet dir 50 konkrete Anleitungen. Diese Anleitungen sind jeweils Marketingzielen zugeordnet, so dass du zielf\u00fchrend die f\u00fcr deine Situation bestm\u00f6gliche Marketingidee in die Tat umsetzen kannst.Dieses Buch ist kein \u201eWas-du-schon-immer-wissen-solltest-Buch\u201c, sondern ein Arbeitsbuch. Wenn du es als Arbeitsbuch nutzt, dann wirst du dein Online-Marketing entscheidend voranbringen, versprochen!Jede Anleitung wird dir in drei einfachen Schritten beschrieben. H\u00e4ufig erh\u00e4ltst du zudem auch einen Tipp f\u00fcr ein kostenloses Tool, das dich bei der Umsetzung unterst\u00fctzt. Eine abschlie\u00dfende Checkliste nach jedem Kapitel hilft dir, den \u00dcberblick zu behalten und dich stetig in der Umsetzung zu halten.<br \/>\n<span class=\"a-text-bold\">Aus dem Inhalt \u2013 jeweils 10 konkrete Marketing-Anleitungen zu den Zielen \u2026<\/span><\/p>\n<ul class=\"a-unordered-list a-vertical\">\n<li><span class=\"a-list-item\">Bekannter werden<\/span><\/li>\n<li><span class=\"a-list-item\">Traffic steigern<\/span><\/li>\n<li><span class=\"a-list-item\">Mehr verkaufen<\/span><\/li>\n<li><span class=\"a-list-item\">Kunden binden<\/span><\/li>\n<li><span class=\"a-list-item\">Mitarbeiter finden<\/span><\/li>\n<\/ul>\n<p>Diese Produkt wird nicht von der SKYTAT Gmbh verkauft. Es ist ein Buchtipp f\u00fcr die Community Member. Der Verkauf und die Lieferung findet \u00fcber Amazon statt.<\/p>\n","protected":false},"excerpt":{"rendered":"<p>Dieses Buch ist dein Ratgeber und Leitfaden, mit dem du dein Online-Marketing mit leistbarem Aufwand systematisch zum Erfolg bringst, und zwar ganz ohne Budget!Du baust Dein eigenes Gesch\u00e4ft auf, brauchst daf\u00fcr Online-Marketing, hast aber nicht viel Geld zur Verf\u00fcgung? Du f\u00fchrst ein kleines Gesch\u00e4ft und willst jetzt endlich mit Online-Marketing starten, wei\u00dft aber noch nicht, wie das sinnvoll geht? Dann lies \u2013 und arbeite \u2013 mit diesem Buch!\u201eOnline-Marketing ohne Budget\u201c bietet dir 50 konkrete Anleitungen. Diese Anleitungen sind jeweils Marketingzielen zugeordnet, so dass du zielf\u00fchrend die f\u00fcr deine Situation bestm\u00f6gliche Marketingidee in die Tat umsetzen kannst.Dieses Buch ist kein \u201eWas-du-schon-immer-wissen-solltest-Buch\u201c, sondern ein Arbeitsbuch. Wenn du es als Arbeitsbuch nutzt, dann wirst du dein Online-Marketing entscheidend voranbringen, versprochen!Jede Anleitung wird dir in drei einfachen Schritten beschrieben. H\u00e4ufig erh\u00e4ltst du zudem auch einen Tipp f\u00fcr ein kostenloses Tool, das dich bei der Umsetzung unterst\u00fctzt. Eine abschlie\u00dfende Checkliste nach jedem Kapitel hilft dir, den \u00dcberblick zu behalten und dich stetig in der Umsetzung zu halten.<br \/>\n<span class=\"a-text-bold\">Aus dem Inhalt \u2013 jeweils 10 konkrete Marketing-Anleitungen zu den Zielen \u2026<\/span><\/p>\n<ul class=\"a-unordered-list a-vertical\">\n<li><span class=\"a-list-item\">Bekannter werden<\/span><\/li>\n<li><span class=\"a-list-item\">Traffic steigern<\/span><\/li>\n<li><span class=\"a-list-item\">Mehr verkaufen<\/span><\/li>\n<li><span class=\"a-list-item\">Kunden binden<\/span><\/li>\n<li><span class=\"a-list-item\">Mitarbeiter finden<\/span><\/li>\n<\/ul>\n<p>Diese Produkt wird nicht von der SKYTAT Gmbh verkauft. Es ist ein Buchtipp f\u00fcr die Community Member. Der Verkauf und die Lieferung findet \u00fcber Amazon statt.<\/p>\n","protected":false},"featured_media":707,"comment_status":"open","ping_status":"closed","template":"","meta":{"_et_pb_use_builder":"","_et_pb_old_content":"","_et_gb_content_width":""},"product_brand":[],"product_cat":[45],"product_tag":[],"class_list":{"0":"post-704","1":"product","2":"type-product","3":"status-publish","4":"has-post-thumbnail","6":"product_cat-buchtipps","8":"first","9":"instock","10":"taxable","11":"shipping-taxable","12":"product-type-external"},"_links":{"self":[{"href":"https:\/\/shop.skytraders.community\/de\/wp-json\/wp\/v2\/product\/704","targetHints":{"allow":["GET"]}}],"collection":[{"href":"https:\/\/shop.skytraders.community\/de\/wp-json\/wp\/v2\/product"}],"about":[{"href":"https:\/\/shop.skytraders.community\/de\/wp-json\/wp\/v2\/types\/product"}],"replies":[{"embeddable":true,"href":"https:\/\/shop.skytraders.community\/de\/wp-json\/wp\/v2\/comments?post=704"}],"wp:featuredmedia":[{"embeddable":true,"href":"https:\/\/shop.skytraders.community\/de\/wp-json\/wp\/v2\/media\/707"}],"wp:attachment":[{"href":"https:\/\/shop.skytraders.community\/de\/wp-json\/wp\/v2\/media?parent=704"}],"wp:term":[{"taxonomy":"product_brand","embeddable":true,"href":"https:\/\/shop.skytraders.community\/de\/wp-json\/wp\/v2\/product_brand?post=704"},{"taxonomy":"product_cat","embeddable":true,"href":"https:\/\/shop.skytraders.community\/de\/wp-json\/wp\/v2\/product_cat?post=704"},{"taxonomy":"product_tag","embeddable":true,"href":"https:\/\/shop.skytraders.community\/de\/wp-json\/wp\/v2\/product_tag?post=704"}],"curies":[{"name":"wp","href":"https:\/\/api.w.org\/{rel}","templated":true}]}}