{"id":705,"date":"2024-10-17T10:29:49","date_gmt":"2024-10-17T10:29:49","guid":{"rendered":"https:\/\/shop.skytraders.community\/de\/?post_type=product&#038;p=705"},"modified":"2024-10-19T07:00:36","modified_gmt":"2024-10-19T07:00:36","slug":"minibuch-marketing-fur-kmu-8-erfolgsstrategien-fur-mehr-sichtbarkeit-und-wachstum","status":"publish","type":"product","link":"https:\/\/shop.skytraders.community\/de\/product\/minibuch-marketing-fur-kmu-8-erfolgsstrategien-fur-mehr-sichtbarkeit-und-wachstum\/","title":{"rendered":"Minibuch &#8211; Marketing f\u00fcr KMU: 8 Erfolgsstrategien f\u00fcr mehr Sichtbarkeit und Wachstum"},"content":{"rendered":"<p>Dieses Mini-Buch bietet acht bew\u00e4hrte Marketingstrategien f\u00fcr KMU, um ihre Sichtbarkeit zu erh\u00f6hen und ihre Ums\u00e4tze zu steigern. Jedes Kapitel enth\u00e4lt praktische Tipps, Beispiele und Arbeitsbl\u00e4tter, die Unternehmer dabei unterst\u00fctzen, die Strategien direkt umzusetzen<\/p>\n<p><strong>NOTE:<\/strong><br \/>\nMit diesem Produkt kaufen Sie 150 SKYTEN-Gutscheine f\u00fcr einen Coffee Talk. Dieser Coffee Talk wird von einem Partnerunternehmen durchgef\u00fchrt. Nach dem Kauf der SKYTEN-Gutscheine wird sich ein Mitarbeiter der SKYTAT GmbH mit Ihnen in Verbindung setzen, um die Einl\u00f6sebedingungen zu besprechen.<\/p>\n","protected":false},"excerpt":{"rendered":"<p>Dieses Mini-Buch bietet acht bew\u00e4hrte Marketingstrategien f\u00fcr KMU, um ihre Sichtbarkeit zu erh\u00f6hen und ihre Ums\u00e4tze zu steigern. Jedes Kapitel enth\u00e4lt praktische Tipps, Beispiele und Arbeitsbl\u00e4tter, die Unternehmer dabei unterst\u00fctzen, die Strategien direkt umzusetzen<\/p>\n<p><strong>NOTE:<\/strong><br \/>\nMit diesem Produkt kaufen Sie 150 SKYTEN-Gutscheine f\u00fcr einen Coffee Talk. Dieser Coffee Talk wird von einem Partnerunternehmen durchgef\u00fchrt. Nach dem Kauf der SKYTEN-Gutscheine wird sich ein Mitarbeiter der SKYTAT GmbH mit Ihnen in Verbindung setzen, um die Einl\u00f6sebedingungen zu besprechen.<\/p>\n","protected":false},"featured_media":706,"comment_status":"open","ping_status":"closed","template":"","meta":{"_et_pb_use_builder":"","_et_pb_old_content":"","_et_gb_content_width":""},"product_brand":[],"product_cat":[16],"product_tag":[17,18,19,20],"class_list":{"0":"post-705","1":"product","2":"type-product","3":"status-publish","4":"has-post-thumbnail","6":"product_cat-online-kurs","7":"product_tag-for-beginners","8":"product_tag-online-course","9":"product_tag-stock-market-trading","10":"product_tag-technical-analysis","12":"first","13":"instock","14":"downloadable","15":"virtual","16":"purchasable","17":"product-type-simple"},"_links":{"self":[{"href":"https:\/\/shop.skytraders.community\/de\/wp-json\/wp\/v2\/product\/705","targetHints":{"allow":["GET"]}}],"collection":[{"href":"https:\/\/shop.skytraders.community\/de\/wp-json\/wp\/v2\/product"}],"about":[{"href":"https:\/\/shop.skytraders.community\/de\/wp-json\/wp\/v2\/types\/product"}],"replies":[{"embeddable":true,"href":"https:\/\/shop.skytraders.community\/de\/wp-json\/wp\/v2\/comments?post=705"}],"wp:featuredmedia":[{"embeddable":true,"href":"https:\/\/shop.skytraders.community\/de\/wp-json\/wp\/v2\/media\/706"}],"wp:attachment":[{"href":"https:\/\/shop.skytraders.community\/de\/wp-json\/wp\/v2\/media?parent=705"}],"wp:term":[{"taxonomy":"product_brand","embeddable":true,"href":"https:\/\/shop.skytraders.community\/de\/wp-json\/wp\/v2\/product_brand?post=705"},{"taxonomy":"product_cat","embeddable":true,"href":"https:\/\/shop.skytraders.community\/de\/wp-json\/wp\/v2\/product_cat?post=705"},{"taxonomy":"product_tag","embeddable":true,"href":"https:\/\/shop.skytraders.community\/de\/wp-json\/wp\/v2\/product_tag?post=705"}],"curies":[{"name":"wp","href":"https:\/\/api.w.org\/{rel}","templated":true}]}}