{"id":710,"date":"2024-10-17T10:40:27","date_gmt":"2024-10-17T10:40:27","guid":{"rendered":"https:\/\/shop.skytraders.community\/de\/?post_type=product&#038;p=710"},"modified":"2024-10-17T10:41:54","modified_gmt":"2024-10-17T10:41:54","slug":"breath-to-success-mehr-ruhe-mehr-kraft-mehr-erfolg-mentale-starke-und-lebensqualitat-durch-gezieltes-atmen","status":"publish","type":"product","link":"https:\/\/shop.skytraders.community\/de\/product\/breath-to-success-mehr-ruhe-mehr-kraft-mehr-erfolg-mentale-starke-und-lebensqualitat-durch-gezieltes-atmen\/","title":{"rendered":"Breath to Success &#8211; Mehr Ruhe, Mehr Kraft, Mehr Erfolg: Mentale St\u00e4rke und Lebensqualit\u00e4t durch gezieltes Atmen"},"content":{"rendered":"<p>Atem und Erfolg: Die Kraft der inneren Klarheit<\/p>\n<p>Unser Atem ist nicht nur lebenserhaltend, sondern auch die fundamentale Basis f\u00fcr unser Wohlbefinden und unseren Erfolg. Richtig eingesetzt, entfaltet er eine transformative Kraft, die weit \u00fcber seine Grundfunktion hinausgeht.<\/p>\n<p>Wir k\u00f6nnen unseren Atem als ein m\u00e4chtiges Werkzeug f\u00fcr Erfolg in vielf\u00e4ltiger Weise einsetzen:<\/p>\n<ul class=\"a-unordered-list a-vertical\">\n<li><span class=\"a-list-item\">zur Steigerung unserer inneren Klarheit und\u00a0<span class=\"a-text-bold\">Verhandlungsst\u00e4rke<\/span>\u00a0,<\/span><\/li>\n<li><span class=\"a-list-item\">zur mentalen\u00a0<span class=\"a-text-bold\">Entspannung<\/span><\/span><\/li>\n<li><span class=\"a-list-item\">zur Verbesserung unserer\u00a0<span class=\"a-text-bold\">Entscheidungsfindung<\/span>\u00a0,<\/span><\/li>\n<li><span class=\"a-list-item\">im Einsatz bei\u00a0<span class=\"a-text-bold\">Gespr\u00e4chstechniken<\/span>\u00a0,<\/span><\/li>\n<li><span class=\"a-list-item\">zur Erh\u00f6hung der\u00a0<span class=\"a-text-bold\">Leistungsf\u00e4higkeit<\/span>\u00a0und<\/span><\/li>\n<li><span class=\"a-list-item\">zur Bew\u00e4ltigung von\u00a0<span class=\"a-text-bold\">Stress<\/span>\u00a0.<\/span><\/li>\n<\/ul>\n<p>Sogar im\u00a0<span class=\"a-text-bold\">Umgang mit Panik und Angstzust\u00e4nden<\/span>\u00a0und zur F\u00f6rderung eines erholsamen\u00a0<span class=\"a-text-bold\">Schlafs<\/span>\u00a0reicht die Wirkung des Atems, der unser gesamtes K\u00f6rpersystem beeinflusst und uns in zahlreichen beruflichen Situationen einen beruflichen Vorteil verschafft.<\/p>\n<p>Das Buch st\u00fctzt sich auf belegbare\u00a0<span class=\"a-text-bold\">wissenschaftliche Fakten<\/span>\u00a0und den besonderen Zugang von\u00a0<span class=\"a-text-bold\">Christian Redl<\/span>\u00a0, der einen einzigartigen Einblick in seinen reichhaltigen Erfahrungsschatz als\u00a0<span class=\"a-text-bold\">Weltrekordhalter im Freitauchen<\/span>\u00a0und als gefragter\u00a0<span class=\"a-text-bold\">Mentaltrainer<\/span>\u00a0gibt.<\/p>\n<p>Es ist ein praktischer Leitfaden, der erkl\u00e4rt, wie Atem funktioniert, wie\u00a0<span class=\"a-text-bold\">Atemtechniken<\/span>\u00a0eingesetzt werden k\u00f6nnen und wie mithilfe konkreter Hilfestellungen die Kraft des Atems f\u00fcr ein erf\u00fcllteres und erfolgreicheres Leben genutzt werden kann.<\/p>\n<p><span class=\"a-text-bold\">Atem und Erfolg sind untrennbar miteinander verbunden.<\/span>\u00a0Indem wir die Techniken des bewussten Atmens beherrschen, \u00f6ffnen wir die T\u00fcr zu innerer Klarheit und Ruhe \u2013 und damit zu einem Leben, das von Erfolg und Zufriedenheit gepr\u00e4gt ist.<\/p>\n<p>Diese Produkt wird nicht von der SKYTAT Gmbh verkauft. Es ist ein Buchtipp f\u00fcr die Community Member. Der Verkauf und die Lieferung findet \u00fcber Amazon statt.<\/p>\n","protected":false},"excerpt":{"rendered":"<p>Atem und Erfolg: Die Kraft der inneren Klarheit. Unser Atem ist nicht nur lebenserhaltend, sondern auch die fundamentale Basis f\u00fcr unser Wohlbefinden und unseren Erfolg. Richtig eingesetzt, entfaltet er eine transformative Kraft, die weit \u00fcber seine Grundfunktion hinausgeht.Wir k\u00f6nnen unseren Atem als ein m\u00e4chtiges Werkzeug f\u00fcr Erfolg in vielf\u00e4ltiger Weise einsetzen:<\/p>\n<ul class=\"a-unordered-list a-vertical\">\n<li><span class=\"a-list-item\">zur Steigerung unserer inneren Klarheit und\u00a0<span class=\"a-text-bold\">Verhandlungsst\u00e4rke<\/span>\u00a0,<\/span><\/li>\n<li><span class=\"a-list-item\">zur mentalen\u00a0<span class=\"a-text-bold\">Entspannung<\/span><\/span><\/li>\n<li><span class=\"a-list-item\">zur Verbesserung unserer\u00a0<span class=\"a-text-bold\">Entscheidungsfindung<\/span>\u00a0,<\/span><\/li>\n<li><span class=\"a-list-item\">im Einsatz bei\u00a0<span class=\"a-text-bold\">Gespr\u00e4chstechniken<\/span>\u00a0,<\/span><\/li>\n<li><span class=\"a-list-item\">zur Erh\u00f6hung der\u00a0<span class=\"a-text-bold\">Leistungsf\u00e4higkeit<\/span>\u00a0und<\/span><\/li>\n<li><span class=\"a-list-item\">zur Bew\u00e4ltigung von\u00a0<span class=\"a-text-bold\">Stress<\/span>\u00a0.<\/span><\/li>\n<\/ul>\n<p>Diese Produkt wird nicht von der SKYTAT Gmbh verkauft. Es ist ein Buchtipp f\u00fcr die Community Member. Der Verkauf und die Lieferung findet \u00fcber Amazon statt.<\/p>\n","protected":false},"featured_media":711,"comment_status":"open","ping_status":"closed","template":"","meta":{"_et_pb_use_builder":"","_et_pb_old_content":"","_et_gb_content_width":""},"product_brand":[],"product_cat":[45],"product_tag":[],"class_list":{"0":"post-710","1":"product","2":"type-product","3":"status-publish","4":"has-post-thumbnail","6":"product_cat-buchtipps","8":"first","9":"instock","10":"taxable","11":"shipping-taxable","12":"product-type-external"},"_links":{"self":[{"href":"https:\/\/shop.skytraders.community\/de\/wp-json\/wp\/v2\/product\/710","targetHints":{"allow":["GET"]}}],"collection":[{"href":"https:\/\/shop.skytraders.community\/de\/wp-json\/wp\/v2\/product"}],"about":[{"href":"https:\/\/shop.skytraders.community\/de\/wp-json\/wp\/v2\/types\/product"}],"replies":[{"embeddable":true,"href":"https:\/\/shop.skytraders.community\/de\/wp-json\/wp\/v2\/comments?post=710"}],"wp:featuredmedia":[{"embeddable":true,"href":"https:\/\/shop.skytraders.community\/de\/wp-json\/wp\/v2\/media\/711"}],"wp:attachment":[{"href":"https:\/\/shop.skytraders.community\/de\/wp-json\/wp\/v2\/media?parent=710"}],"wp:term":[{"taxonomy":"product_brand","embeddable":true,"href":"https:\/\/shop.skytraders.community\/de\/wp-json\/wp\/v2\/product_brand?post=710"},{"taxonomy":"product_cat","embeddable":true,"href":"https:\/\/shop.skytraders.community\/de\/wp-json\/wp\/v2\/product_cat?post=710"},{"taxonomy":"product_tag","embeddable":true,"href":"https:\/\/shop.skytraders.community\/de\/wp-json\/wp\/v2\/product_tag?post=710"}],"curies":[{"name":"wp","href":"https:\/\/api.w.org\/{rel}","templated":true}]}}