{"id":712,"date":"2024-10-17T10:42:06","date_gmt":"2024-10-17T10:42:06","guid":{"rendered":"https:\/\/shop.skytraders.community\/de\/?post_type=product&#038;p=712"},"modified":"2024-10-17T10:43:15","modified_gmt":"2024-10-17T10:43:15","slug":"dive-deeper-tauch-durch-deine-angst","status":"publish","type":"product","link":"https:\/\/shop.skytraders.community\/de\/product\/dive-deeper-tauch-durch-deine-angst\/","title":{"rendered":"Dive Deeper: Tauch durch deine Angst"},"content":{"rendered":"<p>\u201eUnd ich sitze hier allein am Eis \u2013 nur ich und meine Angst \u2013 und mir ist vollkommen klar: Die n\u00e4chsten 90 Meter bzw. 90 Sekunden entscheiden \u00fcber mein restliches Leben.\u201c Schon als kleiner Junge f\u00fchlte sich Christian Redl unter Wasser pudelwohl. Luc Bessons Film \u201eIm Rausch der Tiefe\u201c f\u00fchrte ihn zu seiner Leidenschaft, dem Freitauchen. Heute darf er mit 11 Weltrekorden gut und gerne als eine der Koryph\u00e4en dieser Sportart bezeichnet werden. Als Extremsportler, Tauchlehrer und Mentaltrainer hat Redl das Ph\u00e4nomen der Angst von verschiedenen Seiten kennengelernt. Wie man sie sich produktiv zunutze machen kann, um aus der Komfortzone herauszutreten, zeigt er eindrucksvoll anhand seines ersten Weltrekordversuchs auf. Seine Erkenntnis: Jeder kann seine \u00c4ngste mit dem richtigen Mindset bezwingen!<\/p>\n<p>Diese Produkt wird nicht von der SKYTAT Gmbh verkauft. Es ist ein Buchtipp f\u00fcr die Community Member. Der Verkauf und die Lieferung findet \u00fcber Amazon statt.<\/p>\n","protected":false},"excerpt":{"rendered":"<p>\u201eUnd ich sitze hier allein am Eis \u2013 nur ich und meine Angst \u2013 und mir ist vollkommen klar: Die n\u00e4chsten 90 Meter bzw. 90 Sekunden entscheiden \u00fcber mein restliches Leben.\u201c Schon als kleiner Junge f\u00fchlte sich Christian Redl unter Wasser pudelwohl. Luc Bessons Film \u201eIm Rausch der Tiefe\u201c f\u00fchrte ihn zu seiner Leidenschaft, dem Freitauchen. Heute darf er mit 11 Weltrekorden gut und gerne als eine der Koryph\u00e4en dieser Sportart bezeichnet werden. Als Extremsportler, Tauchlehrer und Mentaltrainer hat Redl das Ph\u00e4nomen der Angst von verschiedenen Seiten kennengelernt. Wie man sie sich produktiv zunutze machen kann, um aus der Komfortzone herauszutreten, zeigt er eindrucksvoll anhand seines ersten Weltrekordversuchs auf. Seine Erkenntnis: Jeder kann seine \u00c4ngste mit dem richtigen Mindset bezwingen!<\/p>\n<p>Diese Produkt wird nicht von der SKYTAT Gmbh verkauft. Es ist ein Buchtipp f\u00fcr die Community Member. Der Verkauf und die Lieferung findet \u00fcber Amazon statt.<\/p>\n","protected":false},"featured_media":713,"comment_status":"open","ping_status":"closed","template":"","meta":{"_et_pb_use_builder":"","_et_pb_old_content":"","_et_gb_content_width":""},"product_brand":[],"product_cat":[45],"product_tag":[],"class_list":{"0":"post-712","1":"product","2":"type-product","3":"status-publish","4":"has-post-thumbnail","6":"product_cat-buchtipps","8":"first","9":"instock","10":"taxable","11":"shipping-taxable","12":"product-type-external"},"_links":{"self":[{"href":"https:\/\/shop.skytraders.community\/de\/wp-json\/wp\/v2\/product\/712","targetHints":{"allow":["GET"]}}],"collection":[{"href":"https:\/\/shop.skytraders.community\/de\/wp-json\/wp\/v2\/product"}],"about":[{"href":"https:\/\/shop.skytraders.community\/de\/wp-json\/wp\/v2\/types\/product"}],"replies":[{"embeddable":true,"href":"https:\/\/shop.skytraders.community\/de\/wp-json\/wp\/v2\/comments?post=712"}],"wp:featuredmedia":[{"embeddable":true,"href":"https:\/\/shop.skytraders.community\/de\/wp-json\/wp\/v2\/media\/713"}],"wp:attachment":[{"href":"https:\/\/shop.skytraders.community\/de\/wp-json\/wp\/v2\/media?parent=712"}],"wp:term":[{"taxonomy":"product_brand","embeddable":true,"href":"https:\/\/shop.skytraders.community\/de\/wp-json\/wp\/v2\/product_brand?post=712"},{"taxonomy":"product_cat","embeddable":true,"href":"https:\/\/shop.skytraders.community\/de\/wp-json\/wp\/v2\/product_cat?post=712"},{"taxonomy":"product_tag","embeddable":true,"href":"https:\/\/shop.skytraders.community\/de\/wp-json\/wp\/v2\/product_tag?post=712"}],"curies":[{"name":"wp","href":"https:\/\/api.w.org\/{rel}","templated":true}]}}